{"id":10,"date":"2013-04-20T20:32:14","date_gmt":"2013-04-20T19:32:14","guid":{"rendered":"http:\/\/celinearvisais.com.heb5d.sogetel.net\/?page_id=10"},"modified":"2024-04-15T08:05:04","modified_gmt":"2024-04-15T13:05:04","slug":"me-joindre","status":"publish","type":"page","link":"http:\/\/www.ateliercelinearvisais.com\/?page_id=10","title":{"rendered":"Me joindre"},"content":{"rendered":"<p><strong>Adresse postale :<\/strong><br \/>Atelier C\u00e9line Arvisais<br \/>271, Rue G\u00e9rin-Lajoie<br \/>Yamachiche (Qu\u00e9bec) G0X 3L0<\/p>\r\n<p><strong>Courriel :<\/strong>\u00a0<a href=\"mailto:celinearvisais@sogetel.net\">celinearvisais@sogetel.net<\/a><br \/><strong>T\u00e9l\u00e9phone :<\/strong>\u00a0819-296-2172<\/p>\r\n<p><a href=\"mailto:celinearvisais@sogetel.net\"><strong>Demande de soumission<\/strong><\/a><\/p>\r\n\r\n<p>&nbsp;<\/p>\r\n","protected":false},"excerpt":{"rendered":"<p>Adresse postale :Atelier C\u00e9line Arvisais271, Rue G\u00e9rin-LajoieYamachiche (Qu\u00e9bec) G0X 3L0 Courriel :\u00a0celinearvisais@sogetel.netT\u00e9l\u00e9phone :\u00a0819-296-2172 Demande de soumission &nbsp;<\/p>\n","protected":false},"author":1,"featured_media":0,"parent":0,"menu_order":0,"comment_status":"closed","ping_status":"closed","template":"","meta":{"footnotes":""},"class_list":["post-10","page","type-page","status-publish","hentry"],"_links":{"self":[{"href":"http:\/\/www.ateliercelinearvisais.com\/index.php?rest_route=\/wp\/v2\/pages\/10","targetHints":{"allow":["GET"]}}],"collection":[{"href":"http:\/\/www.ateliercelinearvisais.com\/index.php?rest_route=\/wp\/v2\/pages"}],"about":[{"href":"http:\/\/www.ateliercelinearvisais.com\/index.php?rest_route=\/wp\/v2\/types\/page"}],"author":[{"embeddable":true,"href":"http:\/\/www.ateliercelinearvisais.com\/index.php?rest_route=\/wp\/v2\/users\/1"}],"replies":[{"embeddable":true,"href":"http:\/\/www.ateliercelinearvisais.com\/index.php?rest_route=%2Fwp%2Fv2%2Fcomments&post=10"}],"version-history":[{"count":11,"href":"http:\/\/www.ateliercelinearvisais.com\/index.php?rest_route=\/wp\/v2\/pages\/10\/revisions"}],"predecessor-version":[{"id":759,"href":"http:\/\/www.ateliercelinearvisais.com\/index.php?rest_route=\/wp\/v2\/pages\/10\/revisions\/759"}],"wp:attachment":[{"href":"http:\/\/www.ateliercelinearvisais.com\/index.php?rest_route=%2Fwp%2Fv2%2Fmedia&parent=10"}],"curies":[{"name":"wp","href":"https:\/\/api.w.org\/{rel}","templated":true}]}}