{"id":109,"date":"2018-02-18T23:36:06","date_gmt":"2018-02-18T22:36:06","guid":{"rendered":"http:\/\/celinearvisais.com.heb5d.sogetel.net\/?page_id=109"},"modified":"2019-01-02T16:43:11","modified_gmt":"2019-01-02T21:43:11","slug":"rideau-a-plis-2-pattes-papillon","status":"publish","type":"page","link":"http:\/\/www.ateliercelinearvisais.com\/?page_id=109","title":{"rendered":"Rideau \u00e0 plis 2 pattes \u00ab\u00a0papillon\u00a0\u00bb"},"content":{"rendered":"<p><img loading=\"lazy\" decoding=\"async\" class=\"aligncenter  wp-image-457\" src=\"http:\/\/www.ateliercelinearvisais.com\/wp-content\/uploads\/2018\/10\/2-finger-french-pleats-1524110400-1524161397.jpg\" alt=\"\" width=\"556\" height=\"307\" srcset=\"http:\/\/www.ateliercelinearvisais.com\/wp-content\/uploads\/2018\/10\/2-finger-french-pleats-1524110400-1524161397.jpg 589w, http:\/\/www.ateliercelinearvisais.com\/wp-content\/uploads\/2018\/10\/2-finger-french-pleats-1524110400-1524161397-300x166.jpg 300w\" sizes=\"auto, (max-width: 556px) 100vw, 556px\" \/>L&rsquo;ampleur de ce style de rideau peut varier selon la hauteur du pelon et le tissu choisi.<\/p>\n<p>Son opacit\u00e9, son \u00e9paisseur et la grosseur du motif sont des variantes pouvant influencer le produit final pour r\u00e9pondre aux attentes d\u00e9sir\u00e9es. On peut se contenter d&rsquo;environ 2 fois la mesure de la fa\u00e7ade d\u00e9sir\u00e9e mais c&rsquo;est \u00e0 la discr\u00e9tion de chacun.<\/p>\n","protected":false},"excerpt":{"rendered":"<p>L&rsquo;ampleur de ce style de rideau peut varier selon la hauteur du pelon et le tissu choisi. Son opacit\u00e9, son \u00e9paisseur et la grosseur du motif sont des variantes pouvant influencer le produit final pour r\u00e9pondre aux attentes d\u00e9sir\u00e9es. On peut se contenter d&rsquo;environ 2 fois la mesure de la fa\u00e7ade d\u00e9sir\u00e9e mais c&rsquo;est \u00e0 &hellip; <\/p>\n<p class=\"link-more\"><a href=\"http:\/\/www.ateliercelinearvisais.com\/?page_id=109\" class=\"more-link\">Continuer la lecture<span class=\"screen-reader-text\"> de &laquo;&nbsp;Rideau \u00e0 plis 2 pattes \u00ab\u00a0papillon\u00a0\u00bb&nbsp;&raquo;<\/span><\/a><\/p>\n","protected":false},"author":1,"featured_media":0,"parent":0,"menu_order":0,"comment_status":"closed","ping_status":"closed","template":"","meta":{"footnotes":""},"class_list":["post-109","page","type-page","status-publish","hentry"],"_links":{"self":[{"href":"http:\/\/www.ateliercelinearvisais.com\/index.php?rest_route=\/wp\/v2\/pages\/109","targetHints":{"allow":["GET"]}}],"collection":[{"href":"http:\/\/www.ateliercelinearvisais.com\/index.php?rest_route=\/wp\/v2\/pages"}],"about":[{"href":"http:\/\/www.ateliercelinearvisais.com\/index.php?rest_route=\/wp\/v2\/types\/page"}],"author":[{"embeddable":true,"href":"http:\/\/www.ateliercelinearvisais.com\/index.php?rest_route=\/wp\/v2\/users\/1"}],"replies":[{"embeddable":true,"href":"http:\/\/www.ateliercelinearvisais.com\/index.php?rest_route=%2Fwp%2Fv2%2Fcomments&post=109"}],"version-history":[{"count":6,"href":"http:\/\/www.ateliercelinearvisais.com\/index.php?rest_route=\/wp\/v2\/pages\/109\/revisions"}],"predecessor-version":[{"id":481,"href":"http:\/\/www.ateliercelinearvisais.com\/index.php?rest_route=\/wp\/v2\/pages\/109\/revisions\/481"}],"wp:attachment":[{"href":"http:\/\/www.ateliercelinearvisais.com\/index.php?rest_route=%2Fwp%2Fv2%2Fmedia&parent=109"}],"curies":[{"name":"wp","href":"https:\/\/api.w.org\/{rel}","templated":true}]}}