{"id":142,"date":"2018-02-18T23:53:21","date_gmt":"2018-02-18T22:53:21","guid":{"rendered":"http:\/\/celinearvisais.com.heb5d.sogetel.net\/?page_id=142"},"modified":"2019-01-02T21:21:45","modified_gmt":"2019-01-03T02:21:45","slug":"coussins","status":"publish","type":"page","link":"http:\/\/www.ateliercelinearvisais.com\/?page_id=142","title":{"rendered":"Coussins"},"content":{"rendered":"<p>Tous mes coussins sont confectionn\u00e9s avec soin et poss\u00e8dent un fermoir invisible de tr\u00e8s bonne qualit\u00e9. Pour la plupart, le recto et le verso peuvent \u00eatre utilis\u00e9s en autant que le choix du style et du tissu le permettent.<\/p>\n","protected":false},"excerpt":{"rendered":"<p>Tous mes coussins sont confectionn\u00e9s avec soin et poss\u00e8dent un fermoir invisible de tr\u00e8s bonne qualit\u00e9. Pour la plupart, le recto et le verso peuvent \u00eatre utilis\u00e9s en autant que le choix du style et du tissu le permettent.<\/p>\n","protected":false},"author":1,"featured_media":0,"parent":0,"menu_order":0,"comment_status":"closed","ping_status":"closed","template":"","meta":{"footnotes":""},"class_list":["post-142","page","type-page","status-publish","hentry"],"_links":{"self":[{"href":"http:\/\/www.ateliercelinearvisais.com\/index.php?rest_route=\/wp\/v2\/pages\/142","targetHints":{"allow":["GET"]}}],"collection":[{"href":"http:\/\/www.ateliercelinearvisais.com\/index.php?rest_route=\/wp\/v2\/pages"}],"about":[{"href":"http:\/\/www.ateliercelinearvisais.com\/index.php?rest_route=\/wp\/v2\/types\/page"}],"author":[{"embeddable":true,"href":"http:\/\/www.ateliercelinearvisais.com\/index.php?rest_route=\/wp\/v2\/users\/1"}],"replies":[{"embeddable":true,"href":"http:\/\/www.ateliercelinearvisais.com\/index.php?rest_route=%2Fwp%2Fv2%2Fcomments&post=142"}],"version-history":[{"count":3,"href":"http:\/\/www.ateliercelinearvisais.com\/index.php?rest_route=\/wp\/v2\/pages\/142\/revisions"}],"predecessor-version":[{"id":555,"href":"http:\/\/www.ateliercelinearvisais.com\/index.php?rest_route=\/wp\/v2\/pages\/142\/revisions\/555"}],"wp:attachment":[{"href":"http:\/\/www.ateliercelinearvisais.com\/index.php?rest_route=%2Fwp%2Fv2%2Fmedia&parent=142"}],"curies":[{"name":"wp","href":"https:\/\/api.w.org\/{rel}","templated":true}]}}