{"id":156,"date":"2018-02-18T23:57:58","date_gmt":"2018-02-18T22:57:58","guid":{"rendered":"http:\/\/celinearvisais.com.heb5d.sogetel.net\/?page_id=156"},"modified":"2019-01-02T18:03:14","modified_gmt":"2019-01-02T23:03:14","slug":"housse-de-couette","status":"publish","type":"page","link":"http:\/\/www.ateliercelinearvisais.com\/?page_id=156","title":{"rendered":"Housse de couette"},"content":{"rendered":"<p>Toutes mes housses sont confectionn\u00e9es avec soin et poss\u00e8dent des attaches et un fermoir invisible de tr\u00e8s bonne qualit\u00e9. Pour la plupart, le recto et le verso peuvent \u00eatre utilisables en autant que le choix du style et du tissu le permettent.<\/p>\n","protected":false},"excerpt":{"rendered":"<p>Toutes mes housses sont confectionn\u00e9es avec soin et poss\u00e8dent des attaches et un fermoir invisible de tr\u00e8s bonne qualit\u00e9. Pour la plupart, le recto et le verso peuvent \u00eatre utilisables en autant que le choix du style et du tissu le permettent.<\/p>\n","protected":false},"author":1,"featured_media":0,"parent":0,"menu_order":0,"comment_status":"closed","ping_status":"closed","template":"","meta":{"footnotes":""},"class_list":["post-156","page","type-page","status-publish","hentry"],"_links":{"self":[{"href":"http:\/\/www.ateliercelinearvisais.com\/index.php?rest_route=\/wp\/v2\/pages\/156","targetHints":{"allow":["GET"]}}],"collection":[{"href":"http:\/\/www.ateliercelinearvisais.com\/index.php?rest_route=\/wp\/v2\/pages"}],"about":[{"href":"http:\/\/www.ateliercelinearvisais.com\/index.php?rest_route=\/wp\/v2\/types\/page"}],"author":[{"embeddable":true,"href":"http:\/\/www.ateliercelinearvisais.com\/index.php?rest_route=\/wp\/v2\/users\/1"}],"replies":[{"embeddable":true,"href":"http:\/\/www.ateliercelinearvisais.com\/index.php?rest_route=%2Fwp%2Fv2%2Fcomments&post=156"}],"version-history":[{"count":2,"href":"http:\/\/www.ateliercelinearvisais.com\/index.php?rest_route=\/wp\/v2\/pages\/156\/revisions"}],"predecessor-version":[{"id":513,"href":"http:\/\/www.ateliercelinearvisais.com\/index.php?rest_route=\/wp\/v2\/pages\/156\/revisions\/513"}],"wp:attachment":[{"href":"http:\/\/www.ateliercelinearvisais.com\/index.php?rest_route=%2Fwp%2Fv2%2Fmedia&parent=156"}],"curies":[{"name":"wp","href":"https:\/\/api.w.org\/{rel}","templated":true}]}}