{"id":726,"date":"2022-01-02T14:12:37","date_gmt":"2022-01-02T19:12:37","guid":{"rendered":"http:\/\/www.ateliercelinearvisais.com\/?page_id=726"},"modified":"2022-01-02T14:12:37","modified_gmt":"2022-01-02T19:12:37","slug":"decoration-pare","status":"publish","type":"page","link":"http:\/\/www.ateliercelinearvisais.com\/?page_id=726","title":{"rendered":"D\u00e9coration Par\u00e9"},"content":{"rendered":"<p><a href=\"https:\/\/www.decorationpare.ca\/nous-joindre\/\"><img loading=\"lazy\" decoding=\"async\" class=\"wp-image-727 size-full alignleft\" src=\"http:\/\/www.ateliercelinearvisais.com\/wp-content\/uploads\/2022\/01\/Logo-DecoParet.png\" alt=\"\" width=\"250\" height=\"159\" \/><\/a><a href=\"https:\/\/goo.gl\/maps\/tUdEN6QC5hvbu6Q28\">5650, boul.Jean-XXlll<\/a><br \/>\nTrois-Rivi\u00e8res (Qu\u00e9bec) G8Z 4B3<\/p>\n<p>T\u00e9l\u00e9phone : 819 371-1438<br \/>\nT\u00e9l\u00e9copieur : 819 371-2570<\/p>\n<p>courriel: <a href=\"mailto:info@decorationpare.ca\">info@decorationpare.ca<\/a><\/p>\n","protected":false},"excerpt":{"rendered":"<p>5650, boul.Jean-XXlll Trois-Rivi\u00e8res (Qu\u00e9bec) G8Z 4B3 T\u00e9l\u00e9phone : 819 371-1438 T\u00e9l\u00e9copieur : 819 371-2570 courriel: info@decorationpare.ca<\/p>\n","protected":false},"author":1,"featured_media":0,"parent":350,"menu_order":0,"comment_status":"closed","ping_status":"closed","template":"","meta":{"footnotes":""},"class_list":["post-726","page","type-page","status-publish","hentry"],"_links":{"self":[{"href":"http:\/\/www.ateliercelinearvisais.com\/index.php?rest_route=\/wp\/v2\/pages\/726","targetHints":{"allow":["GET"]}}],"collection":[{"href":"http:\/\/www.ateliercelinearvisais.com\/index.php?rest_route=\/wp\/v2\/pages"}],"about":[{"href":"http:\/\/www.ateliercelinearvisais.com\/index.php?rest_route=\/wp\/v2\/types\/page"}],"author":[{"embeddable":true,"href":"http:\/\/www.ateliercelinearvisais.com\/index.php?rest_route=\/wp\/v2\/users\/1"}],"replies":[{"embeddable":true,"href":"http:\/\/www.ateliercelinearvisais.com\/index.php?rest_route=%2Fwp%2Fv2%2Fcomments&post=726"}],"version-history":[{"count":5,"href":"http:\/\/www.ateliercelinearvisais.com\/index.php?rest_route=\/wp\/v2\/pages\/726\/revisions"}],"predecessor-version":[{"id":732,"href":"http:\/\/www.ateliercelinearvisais.com\/index.php?rest_route=\/wp\/v2\/pages\/726\/revisions\/732"}],"up":[{"embeddable":true,"href":"http:\/\/www.ateliercelinearvisais.com\/index.php?rest_route=\/wp\/v2\/pages\/350"}],"wp:attachment":[{"href":"http:\/\/www.ateliercelinearvisais.com\/index.php?rest_route=%2Fwp%2Fv2%2Fmedia&parent=726"}],"curies":[{"name":"wp","href":"https:\/\/api.w.org\/{rel}","templated":true}]}}