{"id":84,"date":"2018-02-18T22:59:21","date_gmt":"2018-02-18T21:59:21","guid":{"rendered":"http:\/\/celinearvisais.com.heb5d.sogetel.net\/?page_id=84"},"modified":"2018-02-19T05:53:23","modified_gmt":"2018-02-19T04:53:23","slug":"literie","status":"publish","type":"page","link":"http:\/\/www.ateliercelinearvisais.com\/?page_id=84","title":{"rendered":"Literie"},"content":{"rendered":"<blockquote>\n<h4 style=\"text-align: center;\">\u00a0Pour la literie, des donn\u00e9es peuvent avoir une incidence sur une soumission<\/h4>\n<\/blockquote>\n<p style=\"text-align: left;\">Il faut d\u00e9terminer <em>le format du tissu<\/em> dans lequel la confection sera effectu\u00e9e. Il y a les tissus en laize d&rsquo;environ 54&Prime; et les tissus \u00e0 la verge ou au m\u00e8tre qui font 108&Prime; et plus.<\/p>\n","protected":false},"excerpt":{"rendered":"<p>\u00a0Pour la literie, des donn\u00e9es peuvent avoir une incidence sur une soumission Il faut d\u00e9terminer le format du tissu dans lequel la confection sera effectu\u00e9e. Il y a les tissus en laize d&rsquo;environ 54&Prime; et les tissus \u00e0 la verge ou au m\u00e8tre qui font 108&Prime; et plus.<\/p>\n","protected":false},"author":1,"featured_media":0,"parent":0,"menu_order":0,"comment_status":"closed","ping_status":"closed","template":"","meta":{"footnotes":""},"class_list":["post-84","page","type-page","status-publish","hentry"],"_links":{"self":[{"href":"http:\/\/www.ateliercelinearvisais.com\/index.php?rest_route=\/wp\/v2\/pages\/84","targetHints":{"allow":["GET"]}}],"collection":[{"href":"http:\/\/www.ateliercelinearvisais.com\/index.php?rest_route=\/wp\/v2\/pages"}],"about":[{"href":"http:\/\/www.ateliercelinearvisais.com\/index.php?rest_route=\/wp\/v2\/types\/page"}],"author":[{"embeddable":true,"href":"http:\/\/www.ateliercelinearvisais.com\/index.php?rest_route=\/wp\/v2\/users\/1"}],"replies":[{"embeddable":true,"href":"http:\/\/www.ateliercelinearvisais.com\/index.php?rest_route=%2Fwp%2Fv2%2Fcomments&post=84"}],"version-history":[{"count":3,"href":"http:\/\/www.ateliercelinearvisais.com\/index.php?rest_route=\/wp\/v2\/pages\/84\/revisions"}],"predecessor-version":[{"id":310,"href":"http:\/\/www.ateliercelinearvisais.com\/index.php?rest_route=\/wp\/v2\/pages\/84\/revisions\/310"}],"wp:attachment":[{"href":"http:\/\/www.ateliercelinearvisais.com\/index.php?rest_route=%2Fwp%2Fv2%2Fmedia&parent=84"}],"curies":[{"name":"wp","href":"https:\/\/api.w.org\/{rel}","templated":true}]}}