{"id":92,"date":"2018-02-18T23:28:15","date_gmt":"2018-02-18T22:28:15","guid":{"rendered":"http:\/\/celinearvisais.com.heb5d.sogetel.net\/?page_id=92"},"modified":"2019-01-02T17:37:26","modified_gmt":"2019-01-02T22:37:26","slug":"rideau-sur-galon-fronceur","status":"publish","type":"page","link":"http:\/\/www.ateliercelinearvisais.com\/?page_id=92","title":{"rendered":"Rideau sur galon fronceur"},"content":{"rendered":"<p><span>L\u2019ampleur de ce style de rideau peut varier selon le tissu choisi. <\/span><\/p>\n<p><span>En g\u00e9n\u00e9ral on calcule environ 2 1\/2 fois la mesure de la p\u00f4le mais le choix du galon fronceur a aussi une influence sur la quantit\u00e9 de tissu \u00e0 d\u00e9terminer. Il existe plusieurs sortes de galons fronceurs.<\/span><\/p>\n<p>Ce style de rideau n\u00e9cessite l&rsquo;usage de crochets pour son installation si celui-ci n&rsquo;est pas pr\u00e9vu avec l&rsquo;usage d&rsquo;une p\u00f4le \u00e0 velcro.<img loading=\"lazy\" decoding=\"async\" class=\"size-thumbnail wp-image-502 aligncenter\" src=\"http:\/\/www.ateliercelinearvisais.com\/wp-content\/uploads\/2019\/01\/jbouillonne-150x136.jpg\" alt=\"\" width=\"150\" height=\"136\" \/><\/p>\n","protected":false},"excerpt":{"rendered":"<p>L\u2019ampleur de ce style de rideau peut varier selon le tissu choisi. En g\u00e9n\u00e9ral on calcule environ 2 1\/2 fois la mesure de la p\u00f4le mais le choix du galon fronceur a aussi une influence sur la quantit\u00e9 de tissu \u00e0 d\u00e9terminer. Il existe plusieurs sortes de galons fronceurs. Ce style de rideau n\u00e9cessite l&rsquo;usage &hellip; <\/p>\n<p class=\"link-more\"><a href=\"http:\/\/www.ateliercelinearvisais.com\/?page_id=92\" class=\"more-link\">Continuer la lecture<span class=\"screen-reader-text\"> de &laquo;&nbsp;Rideau sur galon fronceur&nbsp;&raquo;<\/span><\/a><\/p>\n","protected":false},"author":1,"featured_media":0,"parent":0,"menu_order":0,"comment_status":"closed","ping_status":"closed","template":"","meta":{"footnotes":""},"class_list":["post-92","page","type-page","status-publish","hentry"],"_links":{"self":[{"href":"http:\/\/www.ateliercelinearvisais.com\/index.php?rest_route=\/wp\/v2\/pages\/92","targetHints":{"allow":["GET"]}}],"collection":[{"href":"http:\/\/www.ateliercelinearvisais.com\/index.php?rest_route=\/wp\/v2\/pages"}],"about":[{"href":"http:\/\/www.ateliercelinearvisais.com\/index.php?rest_route=\/wp\/v2\/types\/page"}],"author":[{"embeddable":true,"href":"http:\/\/www.ateliercelinearvisais.com\/index.php?rest_route=\/wp\/v2\/users\/1"}],"replies":[{"embeddable":true,"href":"http:\/\/www.ateliercelinearvisais.com\/index.php?rest_route=%2Fwp%2Fv2%2Fcomments&post=92"}],"version-history":[{"count":4,"href":"http:\/\/www.ateliercelinearvisais.com\/index.php?rest_route=\/wp\/v2\/pages\/92\/revisions"}],"predecessor-version":[{"id":503,"href":"http:\/\/www.ateliercelinearvisais.com\/index.php?rest_route=\/wp\/v2\/pages\/92\/revisions\/503"}],"wp:attachment":[{"href":"http:\/\/www.ateliercelinearvisais.com\/index.php?rest_route=%2Fwp%2Fv2%2Fmedia&parent=92"}],"curies":[{"name":"wp","href":"https:\/\/api.w.org\/{rel}","templated":true}]}}