{"id":101,"date":"2018-02-18T23:31:14","date_gmt":"2018-02-18T22:31:14","guid":{"rendered":"http:\/\/celinearvisais.com.heb5d.sogetel.net\/?page_id=101"},"modified":"2019-01-02T21:04:32","modified_gmt":"2019-01-03T02:04:32","slug":"rideau-pour-pose-doeillets","status":"publish","type":"page","link":"https:\/\/www.ateliercelinearvisais.com\/?page_id=101","title":{"rendered":"Rideau pour pose d&rsquo;oeillets"},"content":{"rendered":"<p><span>Afin d&rsquo;obtenir le volume ad\u00e9quat d&rsquo;un rideau sur oeillets, en g\u00e9n\u00e9ral on calcule au moins 2 fois la mesure de la p\u00f4le pour l&rsquo;ampleur.<\/span><\/p>\n<p>Une attention particuli\u00e8re au choix de la p\u00f4le doit \u00eatre pris en consid\u00e9ration pour ouvrir et fermer plus facilement le rideau.\u00a0<\/p>\n\n\n<div class=\"wp-block-cover has-background-dim is-layout-flow wp-block-cover-is-layout-flow\" style=\"background-image:url(http:\/\/www.ateliercelinearvisais.com\/wp-content\/uploads\/2019\/01\/s-l1600-1-1024x629.jpg)\"><p class=\"wp-block-cover-text\">P\u00f4le ad\u00e9quate<\/p><\/div>\n\n\n\n<div class=\"wp-block-media-text alignwide\"><figure class=\"wp-block-media-text__media\"><img loading=\"lazy\" decoding=\"async\" width=\"553\" height=\"311\" src=\"http:\/\/www.ateliercelinearvisais.com\/wp-content\/uploads\/2019\/01\/rideau-garlin-bleu-artiga-z-3.jpg\" alt=\"Si le diam\u00e8tre de la p\u00f4le est trop pr\u00e8s de celui du diam\u00e8tre int\u00e9rieur de l'oeillet, le mouvement sera tr\u00e8s difficile.\" class=\"wp-image-541\" srcset=\"https:\/\/www.ateliercelinearvisais.com\/wp-content\/uploads\/2019\/01\/rideau-garlin-bleu-artiga-z-3.jpg 553w, https:\/\/www.ateliercelinearvisais.com\/wp-content\/uploads\/2019\/01\/rideau-garlin-bleu-artiga-z-3-300x169.jpg 300w\" sizes=\"auto, (max-width: 553px) 100vw, 553px\" \/><\/figure><div class=\"wp-block-media-text__content\">\n<p class=\"has-background has-normal-font-size has-very-light-gray-background-color\">Si le diam\u00e8tre de la p\u00f4le est trop pr\u00e8s de celui du diam\u00e8tre int\u00e9rieur de l&rsquo;oeillet, le mouvement sera tr\u00e8s difficile.<\/p>\n<\/div><\/div>\n\n\n\n<div class=\"wp-block-image\"><figure class=\"alignleft is-resized\"><img loading=\"lazy\" decoding=\"async\" src=\"http:\/\/www.ateliercelinearvisais.com\/wp-content\/uploads\/2019\/01\/rideau-oeillets-axel-gris-acier-64238.jpg\" alt=\"Si une p\u00f4le est beaucoup plus petite, le rideau glissera facilement mais elle pourrait \u00eatre non appropri\u00e9e au rideau.  Dans ce cas, le poids du tissu est \u00e0 consid\u00e9rer pour chercher l'\u00e9quilibre.\" class=\"wp-image-532\" width=\"412\" height=\"257\" srcset=\"https:\/\/www.ateliercelinearvisais.com\/wp-content\/uploads\/2019\/01\/rideau-oeillets-axel-gris-acier-64238.jpg 650w, https:\/\/www.ateliercelinearvisais.com\/wp-content\/uploads\/2019\/01\/rideau-oeillets-axel-gris-acier-64238-300x187.jpg 300w\" sizes=\"auto, (max-width: 412px) 100vw, 412px\" \/><figcaption>P\u00f4le plus petite<\/figcaption><\/figure><\/div>\n\n\n\n<p class=\"has-background has-very-light-gray-background-color\">Si une p\u00f4le est beaucoup plus petite, le rideau glissera facilement mais elle pourrait \u00eatre non appropri\u00e9e au rideau. &nbsp;Dans ce cas, le poids du tissu est \u00e0 consid\u00e9rer pour chercher l&rsquo;\u00e9quilibre.<\/p>\n","protected":false},"excerpt":{"rendered":"<p>Afin d&rsquo;obtenir le volume ad\u00e9quat d&rsquo;un rideau sur oeillets, en g\u00e9n\u00e9ral on calcule au moins 2 fois la mesure de la p\u00f4le pour l&rsquo;ampleur. Une attention particuli\u00e8re au choix de la p\u00f4le doit \u00eatre pris en consid\u00e9ration pour ouvrir et fermer plus facilement le rideau.\u00a0 Si le diam\u00e8tre de la p\u00f4le est trop pr\u00e8s de &hellip; <\/p>\n<p class=\"link-more\"><a href=\"https:\/\/www.ateliercelinearvisais.com\/?page_id=101\" class=\"more-link\">Continuer la lecture<span class=\"screen-reader-text\"> de &laquo;&nbsp;Rideau pour pose d&rsquo;oeillets&nbsp;&raquo;<\/span><\/a><\/p>\n","protected":false},"author":1,"featured_media":0,"parent":0,"menu_order":0,"comment_status":"closed","ping_status":"closed","template":"","meta":{"footnotes":""},"class_list":["post-101","page","type-page","status-publish","hentry"],"_links":{"self":[{"href":"https:\/\/www.ateliercelinearvisais.com\/index.php?rest_route=\/wp\/v2\/pages\/101","targetHints":{"allow":["GET"]}}],"collection":[{"href":"https:\/\/www.ateliercelinearvisais.com\/index.php?rest_route=\/wp\/v2\/pages"}],"about":[{"href":"https:\/\/www.ateliercelinearvisais.com\/index.php?rest_route=\/wp\/v2\/types\/page"}],"author":[{"embeddable":true,"href":"https:\/\/www.ateliercelinearvisais.com\/index.php?rest_route=\/wp\/v2\/users\/1"}],"replies":[{"embeddable":true,"href":"https:\/\/www.ateliercelinearvisais.com\/index.php?rest_route=%2Fwp%2Fv2%2Fcomments&post=101"}],"version-history":[{"count":9,"href":"https:\/\/www.ateliercelinearvisais.com\/index.php?rest_route=\/wp\/v2\/pages\/101\/revisions"}],"predecessor-version":[{"id":545,"href":"https:\/\/www.ateliercelinearvisais.com\/index.php?rest_route=\/wp\/v2\/pages\/101\/revisions\/545"}],"wp:attachment":[{"href":"https:\/\/www.ateliercelinearvisais.com\/index.php?rest_route=%2Fwp%2Fv2%2Fmedia&parent=101"}],"curies":[{"name":"wp","href":"https:\/\/api.w.org\/{rel}","templated":true}]}}