{"id":115,"date":"2018-02-18T23:40:20","date_gmt":"2018-02-18T22:40:20","guid":{"rendered":"http:\/\/celinearvisais.com.heb5d.sogetel.net\/?page_id=115"},"modified":"2020-05-06T08:18:49","modified_gmt":"2020-05-06T12:18:49","slug":"a-gros-oeillets-de-metal","status":"publish","type":"page","link":"https:\/\/www.ateliercelinearvisais.com\/?page_id=115","title":{"rendered":"\u00c0 gros oeillets de m\u00e9tal"},"content":{"rendered":"<p><span style=\"font-size: 1rem;\">En g\u00e9n\u00e9rale on calcule environ 2 fois la mesure de la p\u00f4le pour<\/span><span style=\"font-size: 1rem;\">\u00a0l<\/span>&lsquo;ampleur de ce style de rideau. Les oeillets doivent \u00eatre calcul\u00e9s en nombre pair<span style=\"font-size: 1rem;\">. \u00a0Trop d&rsquo;espace entre chaque oeillet occasionne un frottement du rideau sur la fen\u00eatre lors de l&rsquo;ouverture ou la fermeture de celui-ci.<\/span><\/p>\r\n\r\n<div class=\"wp-block-image\">\r\n<figure class=\"aligncenter is-resized\"><img loading=\"lazy\" decoding=\"async\" class=\"wp-image-528\" src=\"http:\/\/www.ateliercelinearvisais.com\/wp-content\/uploads\/2019\/01\/rideaux-oeillets.jpg\" alt=\"\" width=\"262\" height=\"174\" srcset=\"https:\/\/www.ateliercelinearvisais.com\/wp-content\/uploads\/2019\/01\/rideaux-oeillets.jpg 890w, https:\/\/www.ateliercelinearvisais.com\/wp-content\/uploads\/2019\/01\/rideaux-oeillets-300x200.jpg 300w, https:\/\/www.ateliercelinearvisais.com\/wp-content\/uploads\/2019\/01\/rideaux-oeillets-768x513.jpg 768w\" sizes=\"auto, (max-width: 262px) 100vw, 262px\" \/><\/figure>\r\n<\/div>\r\n\r\n\r\n\r\n<h4 class=\"wp-block-heading\">\u00c0 l&rsquo;atelier, une attention particuli\u00e8re est port\u00e9e aux espacements.<\/h4>\r\n\r\n\r\n\r\n<p>Il m\u00eame possible d&rsquo;ajuster sur mesure pour un retour et pour permettre l&rsquo;ajout d&rsquo;un autre rideau \u00e0 l&rsquo;arri\u00e8re.<\/p>\r\n","protected":false},"excerpt":{"rendered":"<p>En g\u00e9n\u00e9rale on calcule environ 2 fois la mesure de la p\u00f4le pour\u00a0l&lsquo;ampleur de ce style de rideau. Les oeillets doivent \u00eatre calcul\u00e9s en nombre pair. \u00a0Trop d&rsquo;espace entre chaque oeillet occasionne un frottement du rideau sur la fen\u00eatre lors de l&rsquo;ouverture ou la fermeture de celui-ci. \u00c0 l&rsquo;atelier, une attention particuli\u00e8re est port\u00e9e aux &hellip; <\/p>\n<p class=\"link-more\"><a href=\"https:\/\/www.ateliercelinearvisais.com\/?page_id=115\" class=\"more-link\">Continuer la lecture<span class=\"screen-reader-text\"> de &laquo;&nbsp;\u00c0 gros oeillets de m\u00e9tal&nbsp;&raquo;<\/span><\/a><\/p>\n","protected":false},"author":1,"featured_media":0,"parent":0,"menu_order":0,"comment_status":"closed","ping_status":"closed","template":"","meta":{"footnotes":""},"class_list":["post-115","page","type-page","status-publish","hentry"],"_links":{"self":[{"href":"https:\/\/www.ateliercelinearvisais.com\/index.php?rest_route=\/wp\/v2\/pages\/115","targetHints":{"allow":["GET"]}}],"collection":[{"href":"https:\/\/www.ateliercelinearvisais.com\/index.php?rest_route=\/wp\/v2\/pages"}],"about":[{"href":"https:\/\/www.ateliercelinearvisais.com\/index.php?rest_route=\/wp\/v2\/types\/page"}],"author":[{"embeddable":true,"href":"https:\/\/www.ateliercelinearvisais.com\/index.php?rest_route=\/wp\/v2\/users\/1"}],"replies":[{"embeddable":true,"href":"https:\/\/www.ateliercelinearvisais.com\/index.php?rest_route=%2Fwp%2Fv2%2Fcomments&post=115"}],"version-history":[{"count":10,"href":"https:\/\/www.ateliercelinearvisais.com\/index.php?rest_route=\/wp\/v2\/pages\/115\/revisions"}],"predecessor-version":[{"id":695,"href":"https:\/\/www.ateliercelinearvisais.com\/index.php?rest_route=\/wp\/v2\/pages\/115\/revisions\/695"}],"wp:attachment":[{"href":"https:\/\/www.ateliercelinearvisais.com\/index.php?rest_route=%2Fwp%2Fv2%2Fmedia&parent=115"}],"curies":[{"name":"wp","href":"https:\/\/api.w.org\/{rel}","templated":true}]}}