{"id":257,"date":"2018-02-19T02:20:53","date_gmt":"2018-02-19T01:20:53","guid":{"rendered":"http:\/\/celinearvisais.com.heb5d.sogetel.net\/?page_id=257"},"modified":"2019-01-02T17:30:01","modified_gmt":"2019-01-02T22:30:01","slug":"rideau-sur-bretelles","status":"publish","type":"page","link":"https:\/\/www.ateliercelinearvisais.com\/?page_id=257","title":{"rendered":"Rideau sur bretelles"},"content":{"rendered":"<p><span><img loading=\"lazy\" decoding=\"async\" class=\"size-full wp-image-459 aligncenter\" src=\"http:\/\/www.ateliercelinearvisais.com\/wp-content\/uploads\/2018\/10\/20160628042947_42977.jpg\" alt=\"\" width=\"446\" height=\"306\" srcset=\"https:\/\/www.ateliercelinearvisais.com\/wp-content\/uploads\/2018\/10\/20160628042947_42977.jpg 446w, https:\/\/www.ateliercelinearvisais.com\/wp-content\/uploads\/2018\/10\/20160628042947_42977-300x206.jpg 300w\" sizes=\"auto, (max-width: 446px) 100vw, 446px\" \/>L\u2019ampleur de ce style de rideau peut varier selon le tissu choisi.<\/span><\/p>\n<p><span>Son opacit\u00e9, son \u00e9paisseur et la grosseur du motif sont des variantes pouvant influencer le produit final pour r\u00e9pondre aux attentes d\u00e9sir\u00e9es. En g\u00e9n\u00e9ral on calcule environ 2 fois la mesure de la p\u00f4le mais c\u2019est \u00e0 la discr\u00e9tion de chacun. Cependant trop d&rsquo;ampleur donnera un effet de surcharge.<\/span><\/p>\n","protected":false},"excerpt":{"rendered":"<p>L\u2019ampleur de ce style de rideau peut varier selon le tissu choisi. Son opacit\u00e9, son \u00e9paisseur et la grosseur du motif sont des variantes pouvant influencer le produit final pour r\u00e9pondre aux attentes d\u00e9sir\u00e9es. En g\u00e9n\u00e9ral on calcule environ 2 fois la mesure de la p\u00f4le mais c\u2019est \u00e0 la discr\u00e9tion de chacun. Cependant trop &hellip; <\/p>\n<p class=\"link-more\"><a href=\"https:\/\/www.ateliercelinearvisais.com\/?page_id=257\" class=\"more-link\">Continuer la lecture<span class=\"screen-reader-text\"> de &laquo;&nbsp;Rideau sur bretelles&nbsp;&raquo;<\/span><\/a><\/p>\n","protected":false},"author":1,"featured_media":0,"parent":0,"menu_order":0,"comment_status":"closed","ping_status":"closed","template":"","meta":{"footnotes":""},"class_list":["post-257","page","type-page","status-publish","hentry"],"_links":{"self":[{"href":"https:\/\/www.ateliercelinearvisais.com\/index.php?rest_route=\/wp\/v2\/pages\/257","targetHints":{"allow":["GET"]}}],"collection":[{"href":"https:\/\/www.ateliercelinearvisais.com\/index.php?rest_route=\/wp\/v2\/pages"}],"about":[{"href":"https:\/\/www.ateliercelinearvisais.com\/index.php?rest_route=\/wp\/v2\/types\/page"}],"author":[{"embeddable":true,"href":"https:\/\/www.ateliercelinearvisais.com\/index.php?rest_route=\/wp\/v2\/users\/1"}],"replies":[{"embeddable":true,"href":"https:\/\/www.ateliercelinearvisais.com\/index.php?rest_route=%2Fwp%2Fv2%2Fcomments&post=257"}],"version-history":[{"count":5,"href":"https:\/\/www.ateliercelinearvisais.com\/index.php?rest_route=\/wp\/v2\/pages\/257\/revisions"}],"predecessor-version":[{"id":501,"href":"https:\/\/www.ateliercelinearvisais.com\/index.php?rest_route=\/wp\/v2\/pages\/257\/revisions\/501"}],"wp:attachment":[{"href":"https:\/\/www.ateliercelinearvisais.com\/index.php?rest_route=%2Fwp%2Fv2%2Fmedia&parent=257"}],"curies":[{"name":"wp","href":"https:\/\/api.w.org\/{rel}","templated":true}]}}