{"id":313,"date":"2018-02-19T05:58:32","date_gmt":"2018-02-19T04:58:32","guid":{"rendered":"http:\/\/celinearvisais.com.heb5d.sogetel.net\/?page_id=313"},"modified":"2019-01-02T16:45:24","modified_gmt":"2019-01-02T21:45:24","slug":"rideau-a-plis-w","status":"publish","type":"page","link":"https:\/\/www.ateliercelinearvisais.com\/?page_id=313","title":{"rendered":"rideau \u00e0 plis \u00ab\u00a0W\u00a0\u00bb"},"content":{"rendered":"<p>L&rsquo;ampleur de ce style de rideau peut varier selon \u00a0la hauteur du pelon et le tissu choisi.<\/p>\n<p>Son opacit\u00e9, son \u00e9paisseur et la grosseur du motif sont des variantes pouvant influencer le produit final pour r\u00e9pondre aux attentes d\u00e9sir\u00e9es. Plus un pelon est haut, plus un plis aura une allure effil\u00e9 si l&rsquo;ampleur n&rsquo;est pas grande. En g\u00e9n\u00e9ral une ampleur de plus de 2.5 fois est souhaitable.<\/p>\n","protected":false},"excerpt":{"rendered":"<p>L&rsquo;ampleur de ce style de rideau peut varier selon \u00a0la hauteur du pelon et le tissu choisi. Son opacit\u00e9, son \u00e9paisseur et la grosseur du motif sont des variantes pouvant influencer le produit final pour r\u00e9pondre aux attentes d\u00e9sir\u00e9es. Plus un pelon est haut, plus un plis aura une allure effil\u00e9 si l&rsquo;ampleur n&rsquo;est pas &hellip; <\/p>\n<p class=\"link-more\"><a href=\"https:\/\/www.ateliercelinearvisais.com\/?page_id=313\" class=\"more-link\">Continuer la lecture<span class=\"screen-reader-text\"> de &laquo;&nbsp;rideau \u00e0 plis \u00ab\u00a0W\u00a0\u00bb&nbsp;&raquo;<\/span><\/a><\/p>\n","protected":false},"author":1,"featured_media":0,"parent":0,"menu_order":0,"comment_status":"closed","ping_status":"closed","template":"","meta":{"footnotes":""},"class_list":["post-313","page","type-page","status-publish","hentry"],"_links":{"self":[{"href":"https:\/\/www.ateliercelinearvisais.com\/index.php?rest_route=\/wp\/v2\/pages\/313","targetHints":{"allow":["GET"]}}],"collection":[{"href":"https:\/\/www.ateliercelinearvisais.com\/index.php?rest_route=\/wp\/v2\/pages"}],"about":[{"href":"https:\/\/www.ateliercelinearvisais.com\/index.php?rest_route=\/wp\/v2\/types\/page"}],"author":[{"embeddable":true,"href":"https:\/\/www.ateliercelinearvisais.com\/index.php?rest_route=\/wp\/v2\/users\/1"}],"replies":[{"embeddable":true,"href":"https:\/\/www.ateliercelinearvisais.com\/index.php?rest_route=%2Fwp%2Fv2%2Fcomments&post=313"}],"version-history":[{"count":5,"href":"https:\/\/www.ateliercelinearvisais.com\/index.php?rest_route=\/wp\/v2\/pages\/313\/revisions"}],"predecessor-version":[{"id":482,"href":"https:\/\/www.ateliercelinearvisais.com\/index.php?rest_route=\/wp\/v2\/pages\/313\/revisions\/482"}],"wp:attachment":[{"href":"https:\/\/www.ateliercelinearvisais.com\/index.php?rest_route=%2Fwp%2Fv2%2Fmedia&parent=313"}],"curies":[{"name":"wp","href":"https:\/\/api.w.org\/{rel}","templated":true}]}}