{"id":354,"date":"2018-02-21T19:50:40","date_gmt":"2018-02-21T18:50:40","guid":{"rendered":"http:\/\/celinearvisais.com.heb5d.sogetel.net\/?page_id=354"},"modified":"2022-01-02T14:24:19","modified_gmt":"2022-01-02T19:24:19","slug":"concept-johanne","status":"publish","type":"page","link":"https:\/\/www.ateliercelinearvisais.com\/?page_id=354","title":{"rendered":"Concept Johanne"},"content":{"rendered":"<p><a href=\"http:\/\/www.conceptjohanne.com\"><br \/>\n<img loading=\"lazy\" decoding=\"async\" class=\"alignleft size-thumbnail wp-image-736\" src=\"http:\/\/www.ateliercelinearvisais.com\/wp-content\/uploads\/2022\/01\/logo-2020-150x150.png\" alt=\"\" width=\"150\" height=\"150\" srcset=\"https:\/\/www.ateliercelinearvisais.com\/wp-content\/uploads\/2022\/01\/logo-2020-150x150.png 150w, https:\/\/www.ateliercelinearvisais.com\/wp-content\/uploads\/2022\/01\/logo-2020-100x100.png 100w\" sizes=\"auto, (max-width: 150px) 100vw, 150px\" \/><\/a><\/p>\n<p><a href=\"https:\/\/goo.gl\/maps\/M9Dr4ws8cjQ2\">1850, rue Charbonneau, Trois-Rivi\u00e8res, Qc<\/a><\/p>\n<p>T\u00e9l\u00e9phone: (819) 374-0133<br \/>\nFax: (819)374-3199<br \/>\nCourriel :<a href=\"mailto:info@conceptjohanne.com\">info@conceptjohanne.com<\/a><\/p>\n<p>&nbsp;<\/p>\n","protected":false},"excerpt":{"rendered":"<p>1850, rue Charbonneau, Trois-Rivi\u00e8res, Qc T\u00e9l\u00e9phone: (819) 374-0133 Fax: (819)374-3199 Courriel :info@conceptjohanne.com &nbsp;<\/p>\n","protected":false},"author":1,"featured_media":0,"parent":0,"menu_order":0,"comment_status":"closed","ping_status":"closed","template":"","meta":{"footnotes":""},"class_list":["post-354","page","type-page","status-publish","hentry"],"_links":{"self":[{"href":"https:\/\/www.ateliercelinearvisais.com\/index.php?rest_route=\/wp\/v2\/pages\/354","targetHints":{"allow":["GET"]}}],"collection":[{"href":"https:\/\/www.ateliercelinearvisais.com\/index.php?rest_route=\/wp\/v2\/pages"}],"about":[{"href":"https:\/\/www.ateliercelinearvisais.com\/index.php?rest_route=\/wp\/v2\/types\/page"}],"author":[{"embeddable":true,"href":"https:\/\/www.ateliercelinearvisais.com\/index.php?rest_route=\/wp\/v2\/users\/1"}],"replies":[{"embeddable":true,"href":"https:\/\/www.ateliercelinearvisais.com\/index.php?rest_route=%2Fwp%2Fv2%2Fcomments&post=354"}],"version-history":[{"count":8,"href":"https:\/\/www.ateliercelinearvisais.com\/index.php?rest_route=\/wp\/v2\/pages\/354\/revisions"}],"predecessor-version":[{"id":738,"href":"https:\/\/www.ateliercelinearvisais.com\/index.php?rest_route=\/wp\/v2\/pages\/354\/revisions\/738"}],"wp:attachment":[{"href":"https:\/\/www.ateliercelinearvisais.com\/index.php?rest_route=%2Fwp%2Fv2%2Fmedia&parent=354"}],"curies":[{"name":"wp","href":"https:\/\/api.w.org\/{rel}","templated":true}]}}