{"id":40,"date":"2013-04-20T21:41:10","date_gmt":"2013-04-20T20:41:10","guid":{"rendered":"http:\/\/celinearvisais.com.heb5d.sogetel.net\/?page_id=40"},"modified":"2019-01-02T21:18:51","modified_gmt":"2019-01-03T02:18:51","slug":"confection-sur-mesure","status":"publish","type":"page","link":"https:\/\/www.ateliercelinearvisais.com\/?page_id=40","title":{"rendered":"Confection sur mesure"},"content":{"rendered":"\n<p style=\"background-color:#bbd6e7;text-align:center\" class=\"has-background\">Les avantages d&rsquo;une confection sur mesure sont nombreux, voici un aper\u00e7u de tout ce qui peut \u00eatre r\u00e9alis\u00e9 pour vous!<\/p>\n\n\n<p><strong><img loading=\"lazy\" decoding=\"async\" class=\"alignright size-full wp-image-22\" src=\"http:\/\/celinearvisais.com.heb5d.sogetel.net\/wp-content\/uploads\/2013\/04\/IMG_1497.jpeg\" alt=\"\" width=\"400\" height=\"451\" srcset=\"https:\/\/www.ateliercelinearvisais.com\/wp-content\/uploads\/2013\/04\/IMG_1497.jpeg 400w, https:\/\/www.ateliercelinearvisais.com\/wp-content\/uploads\/2013\/04\/IMG_1497-266x300.jpeg 266w\" sizes=\"auto, (max-width: 400px) 100vw, 400px\" \/>Habillage de fen\u00eatre<\/strong><\/p>\n<ul>\n<li>Ganses et rubans<\/li>\n<li>Rideaux passe-p\u00f4le<\/li>\n<li>Rideaux \u00e0 plis fran\u00e7ais et autres<\/li>\n<li>Rideaux pour Pincer ou \u00e0 oeillets<\/li>\n<li>Rideaux sur galon \u00e0 snaps ou \u00ab\u00a0Wave\u00a0\u00bb<\/li>\n<li>Rideaux sur galon plisseur<\/li>\n<li>Rideaux sur \u00ab\u00a0velcro\u00a0\u00bb<\/li>\n<li>Stores romains<\/li>\n<li>Valences droites<\/li>\n<li>Valences designs<\/li>\n<li>Valences diverses<\/li>\n<\/ul>\n<p><strong>Literie<\/strong><\/p>\n<ul>\n<li>Caches-oreillers<\/li>\n<li>Coussins<\/li>\n<li>Houses de couette<\/li>\n<li>Jupons de lit<\/li>\n<li>Traversins<\/li>\n<li>Foulards de lit<\/li>\n<\/ul>\n<p><strong>Lingerie de cuisine<\/strong><\/p>\n<ul>\n<li>Chemins de table<\/li>\n<li>Nappes et autres<\/li>\n<\/ul>","protected":false},"excerpt":{"rendered":"<p>Les avantages d&rsquo;une confection sur mesure sont nombreux, voici un aper\u00e7u de tout ce qui peut \u00eatre r\u00e9alis\u00e9 pour vous! Habillage de fen\u00eatre Ganses et rubans Rideaux passe-p\u00f4le Rideaux \u00e0 plis fran\u00e7ais et autres Rideaux pour Pincer ou \u00e0 oeillets Rideaux sur galon \u00e0 snaps ou \u00ab\u00a0Wave\u00a0\u00bb Rideaux sur galon plisseur Rideaux sur \u00ab\u00a0velcro\u00a0\u00bb Stores &hellip; <\/p>\n<p class=\"link-more\"><a href=\"https:\/\/www.ateliercelinearvisais.com\/?page_id=40\" class=\"more-link\">Continuer la lecture<span class=\"screen-reader-text\"> de &laquo;&nbsp;Confection sur mesure&nbsp;&raquo;<\/span><\/a><\/p>\n","protected":false},"author":1,"featured_media":0,"parent":0,"menu_order":0,"comment_status":"closed","ping_status":"closed","template":"","meta":{"footnotes":""},"class_list":["post-40","page","type-page","status-publish","hentry"],"_links":{"self":[{"href":"https:\/\/www.ateliercelinearvisais.com\/index.php?rest_route=\/wp\/v2\/pages\/40","targetHints":{"allow":["GET"]}}],"collection":[{"href":"https:\/\/www.ateliercelinearvisais.com\/index.php?rest_route=\/wp\/v2\/pages"}],"about":[{"href":"https:\/\/www.ateliercelinearvisais.com\/index.php?rest_route=\/wp\/v2\/types\/page"}],"author":[{"embeddable":true,"href":"https:\/\/www.ateliercelinearvisais.com\/index.php?rest_route=\/wp\/v2\/users\/1"}],"replies":[{"embeddable":true,"href":"https:\/\/www.ateliercelinearvisais.com\/index.php?rest_route=%2Fwp%2Fv2%2Fcomments&post=40"}],"version-history":[{"count":8,"href":"https:\/\/www.ateliercelinearvisais.com\/index.php?rest_route=\/wp\/v2\/pages\/40\/revisions"}],"predecessor-version":[{"id":553,"href":"https:\/\/www.ateliercelinearvisais.com\/index.php?rest_route=\/wp\/v2\/pages\/40\/revisions\/553"}],"wp:attachment":[{"href":"https:\/\/www.ateliercelinearvisais.com\/index.php?rest_route=%2Fwp%2Fv2%2Fmedia&parent=40"}],"curies":[{"name":"wp","href":"https:\/\/api.w.org\/{rel}","templated":true}]}}