{"id":5,"date":"2013-04-20T20:28:01","date_gmt":"2013-04-20T19:28:01","guid":{"rendered":"http:\/\/celinearvisais.com.heb5d.sogetel.net\/?page_id=5"},"modified":"2024-12-28T15:24:56","modified_gmt":"2024-12-28T20:24:56","slug":"accueil","status":"publish","type":"page","link":"https:\/\/www.ateliercelinearvisais.com\/","title":{"rendered":"Moi"},"content":{"rendered":"<p>&nbsp;<\/p>\n<p><img loading=\"lazy\" decoding=\"async\" class=\"alignleft size-thumbnail wp-image-761\" src=\"http:\/\/www.ateliercelinearvisais.com\/wp-content\/uploads\/2024\/12\/IMG_7486-scaled-e1735417419332-150x150.jpeg\" alt=\"\" width=\"150\" height=\"150\" srcset=\"https:\/\/www.ateliercelinearvisais.com\/wp-content\/uploads\/2024\/12\/IMG_7486-scaled-e1735417419332-150x150.jpeg 150w, https:\/\/www.ateliercelinearvisais.com\/wp-content\/uploads\/2024\/12\/IMG_7486-scaled-e1735417419332-100x100.jpeg 100w\" sizes=\"auto, (max-width: 150px) 100vw, 150px\" \/><br \/>\nDipl\u00f4m\u00e9e en design de mode, comptant 35 ann\u00e9es d&rsquo;exp\u00e9rience et plus de 20 ann\u00e9es en confection pour la d\u00e9coration, j&rsquo;offre un service professionnel de confection sur mesure \u00e0 partir de croquis ou de mesures.<\/p>\n<p>Je fais la livraison et la cueillette directement dans les centres de d\u00e9coration de la r\u00e9gion de Trois-Rivi\u00e8res et de la MRC de Maskinong\u00e9, assurant ainsi un contact direct avec les designers, conseill\u00e8res et professionnels du monde de la d\u00e9coration. \u00a0Gr\u00e2ce \u00e0 mon r\u00e9seau de fournisseurs, je peux \u00e9galement fournir les accessoires requis pour la r\u00e9alisation de certaines pi\u00e8ces.<\/p>\n<p>Mes confections se retrouvent partout : r\u00e9sidence, commerces, restaurants, bars, etc. \u00a0Vous avez probablement d\u00e9j\u00e0 cotoy\u00e9 mon travail quelques part&#8230;<\/p>\n<p>Des confections de qualit\u00e9 irr\u00e9prochable : satisfaction garantie!<\/p>\n","protected":false},"excerpt":{"rendered":"<p>&nbsp; Dipl\u00f4m\u00e9e en design de mode, comptant 35 ann\u00e9es d&rsquo;exp\u00e9rience et plus de 20 ann\u00e9es en confection pour la d\u00e9coration, j&rsquo;offre un service professionnel de confection sur mesure \u00e0 partir de croquis ou de mesures. Je fais la livraison et la cueillette directement dans les centres de d\u00e9coration de la r\u00e9gion de Trois-Rivi\u00e8res et de &hellip; <\/p>\n<p class=\"link-more\"><a href=\"https:\/\/www.ateliercelinearvisais.com\/\" class=\"more-link\">Continuer la lecture<span class=\"screen-reader-text\"> de &laquo;&nbsp;Moi&nbsp;&raquo;<\/span><\/a><\/p>\n","protected":false},"author":1,"featured_media":0,"parent":0,"menu_order":0,"comment_status":"closed","ping_status":"closed","template":"","meta":{"footnotes":""},"class_list":["post-5","page","type-page","status-publish","hentry"],"_links":{"self":[{"href":"https:\/\/www.ateliercelinearvisais.com\/index.php?rest_route=\/wp\/v2\/pages\/5","targetHints":{"allow":["GET"]}}],"collection":[{"href":"https:\/\/www.ateliercelinearvisais.com\/index.php?rest_route=\/wp\/v2\/pages"}],"about":[{"href":"https:\/\/www.ateliercelinearvisais.com\/index.php?rest_route=\/wp\/v2\/types\/page"}],"author":[{"embeddable":true,"href":"https:\/\/www.ateliercelinearvisais.com\/index.php?rest_route=\/wp\/v2\/users\/1"}],"replies":[{"embeddable":true,"href":"https:\/\/www.ateliercelinearvisais.com\/index.php?rest_route=%2Fwp%2Fv2%2Fcomments&post=5"}],"version-history":[{"count":21,"href":"https:\/\/www.ateliercelinearvisais.com\/index.php?rest_route=\/wp\/v2\/pages\/5\/revisions"}],"predecessor-version":[{"id":762,"href":"https:\/\/www.ateliercelinearvisais.com\/index.php?rest_route=\/wp\/v2\/pages\/5\/revisions\/762"}],"wp:attachment":[{"href":"https:\/\/www.ateliercelinearvisais.com\/index.php?rest_route=%2Fwp%2Fv2%2Fmedia&parent=5"}],"curies":[{"name":"wp","href":"https:\/\/api.w.org\/{rel}","templated":true}]}}