{"id":617,"date":"2019-03-06T15:54:58","date_gmt":"2019-03-06T20:54:58","guid":{"rendered":"http:\/\/www.ateliercelinearvisais.com\/?page_id=617"},"modified":"2024-12-30T14:23:29","modified_gmt":"2024-12-30T19:23:29","slug":"test-doublure","status":"publish","type":"page","link":"https:\/\/www.ateliercelinearvisais.com\/?page_id=617","title":{"rendered":"Test Doublure"},"content":{"rendered":"\r\n<figure class=\"wp-block-embed-facebook wp-block-embed is-type-rich is-provider-facebook\">\r\n<div>\r\n<div class=\"xjm9jq1 xh8yej3 x14nfmen xw7yly9 x1e56ztr\"><span style=\"font-size: 1rem;\">Souvent on me demande si c\u2019est obligatoire de doubler ses rideaux. Chaque fois je r\u00e9p\u00e8te: C\u2019est du cas par cas.<\/span><\/div>\r\n<div class=\"x1iyjqo2 x78zum5 xdt5ytf x1qjc9v5 xh8yej3 x13faqbe\">\r\n<div class=\"_8emu\">\r\n<h2 class=\"html-h2 xdj266r x11i5rnm xat24cr x1mh8g0r xexx8yu x4uap5 x18d9i69 xkhd6sd x1vvkbs x1heor9g x1qlqyl8 x1pd3egz x1a2a7pz x193iq5w xeuugli\" tabindex=\"-1\"><span class=\"x193iq5w xeuugli x13faqbe x1vvkbs xlh3980 xvmahel x1n0sxbx x1603h9y x1u7k74 x1xlr1w8 xzsf02u\"><span>Plusieurs aspects sont \u00e0 consid\u00e9rer pour faire un choix. <\/span><\/span><\/h2>\r\n<ul class=\"xtaz4m5 x540dpk\">\r\n<li class=\"x1qodse3\"><span>Emplacement: plein soleil ou non? D\u00e9coratif (mur de chaque c\u00f4t\u00e9 de la fen\u00eatre,) ou utilitaire (devant la fen\u00eatre ou une source de lumi\u00e8re)?<\/span><\/li>\r\n<li class=\"x1qodse3\"><span>Le besoin: Occultant \u00e0 100%? Insonorisant? Isolant? Division l\u00e9g\u00e8re ou prononc\u00e9e?<\/span><\/li>\r\n<li class=\"x1qodse3\"><span>Le choix du tissu: L\u00e9ger? Lourd? Co\u00fbteux? Fragile? <\/span><\/li>\r\n<li class=\"x1qodse3\"><span>Le look recherch\u00e9: \u00c9pur\u00e9? Voluptueux? Volumineux? L\u00e9ger?<\/span><\/li>\r\n<li class=\"x1qodse3\"><span>Installation: Seul ou devant un autre syst\u00e8me(store ou autre)<\/span><\/li>\r\n<\/ul>\r\n<div class=\"xg87l8a\">\r\n<div class=\"x1n2onr6 x1ja2u2z x9f619 x78zum5 xdt5ytf x2lah0s x193iq5w x13spgsm\">\r\n<div class=\"x9f619 x1n2onr6 x1ja2u2z x78zum5 xdt5ytf x1iyjqo2 x2lwn1j xl56j7k\">\r\n<div class=\"x9f619 x1n2onr6 x1ja2u2z x78zum5 xdt5ytf x2lah0s x193iq5w x6s0dn4\">\r\n<div class=\"x1i10hfl x1qjc9v5 xjbqb8w xjqpnuy xa49m3k xqeqjp1 x2hbi6w x13fuv20 xu3j5b3 x1q0q8m5 x26u7qi x972fbf xcfux6l x1qhh985 xm0m39n x9f619 x1ypdohk xdl72j9 x2lah0s xe8uvvx xdj266r x11i5rnm xat24cr x1mh8g0r x2lwn1j xeuugli xexx8yu x4uap5 x18d9i69 xkhd6sd x1n2onr6 x16tdsg8 x1hl2dhg xggy1nq x1ja2u2z x1t137rt x1o1ewxj x3x9cwd x1e5q0jg x13rtm0m x3nfvp2 x1q0g3np x87ps6o x1lku1pv x1a2a7pz\" aria-label=\"image\"><img decoding=\"async\" class=\"xz74otr xh8yej3 x78zum5\" src=\"https:\/\/scontent-lga3-3.xx.fbcdn.net\/v\/t1.6435-9\/53746374_605736753186401_7354468999989559296_n.jpg?_nc_cat=110&amp;ccb=1-7&amp;_nc_sid=350b3d&amp;_nc_ohc=S_kf3Zja7o0Q7kNvgGYqfAV&amp;_nc_zt=23&amp;_nc_ht=scontent-lga3-3.xx&amp;_nc_gid=AA08c8jbVIdn0toMPW3VmUM&amp;oh=00_AYA2Hm0CK4p2U4vxIgAgnQ-kFhGAS18HNZkP6L1zSOOafQ&amp;oe=679A5931\" alt=\"image\" \/>\r\n<div class=\"x1ey2m1c xds687c x17qophe xg01cxk x47corl x10l6tqk x13vifvy x1ebt8du x19991ni x1dhq9h x1o1ewxj x3x9cwd x1e5q0jg x13rtm0m\" data-visualcompletion=\"ignore\"><\/div>\r\n<\/div>\r\n<\/div>\r\n<\/div>\r\n<\/div>\r\n<\/div>\r\n<p class=\"x1qodse3\" dir=\"auto\"><i><span>Diff\u00e9rence entre deux extr\u00eames. 50%coton\/50%polyester et blackout 100% occultant<\/span><\/i><\/p>\r\n<p class=\"x1qodse3\" dir=\"auto\"><span>Lors de la prise de d\u00e9cision de doubler ou non vos rideaux, n\u2019h\u00e9sitez pas \u00e0 faire un test de luminosit\u00e9 devant une source de lumi\u00e8re. Le jour, devant une fen\u00eatre est pr\u00e9f\u00e9rable car devant une lumi\u00e8re dans un commerce ne refl\u00e8te pas la luminosit\u00e9 exacte du soleil.<\/span><\/p>\r\n<div class=\"xg87l8a\">\r\n<div class=\"x1n2onr6 x1ja2u2z x9f619 x78zum5 xdt5ytf x2lah0s x193iq5w x13spgsm\">\r\n<div class=\"x9f619 x1n2onr6 x1ja2u2z x78zum5 xdt5ytf x1iyjqo2 x2lwn1j xl56j7k\">\r\n<div class=\"x9f619 x1n2onr6 x1ja2u2z x78zum5 xdt5ytf x2lah0s x193iq5w x6s0dn4\">\r\n<div class=\"x1i10hfl x1qjc9v5 xjbqb8w xjqpnuy xa49m3k xqeqjp1 x2hbi6w x13fuv20 xu3j5b3 x1q0q8m5 x26u7qi x972fbf xcfux6l x1qhh985 xm0m39n x9f619 x1ypdohk xdl72j9 x2lah0s xe8uvvx xdj266r x11i5rnm xat24cr x1mh8g0r x2lwn1j xeuugli xexx8yu x4uap5 x18d9i69 xkhd6sd x1n2onr6 x16tdsg8 x1hl2dhg xggy1nq x1ja2u2z x1t137rt x1o1ewxj x3x9cwd x1e5q0jg x13rtm0m x3nfvp2 x1q0g3np x87ps6o x1lku1pv x1a2a7pz\" aria-label=\"image\"><img decoding=\"async\" class=\"xz74otr xh8yej3 x78zum5\" src=\"https:\/\/scontent-lga3-2.xx.fbcdn.net\/v\/t1.6435-9\/53519655_605745396518870_7829137068872695808_n.jpg?_nc_cat=100&amp;ccb=1-7&amp;_nc_sid=350b3d&amp;_nc_ohc=E9rHFD6HAegQ7kNvgGSmqmZ&amp;_nc_zt=23&amp;_nc_ht=scontent-lga3-2.xx&amp;_nc_gid=AA08c8jbVIdn0toMPW3VmUM&amp;oh=00_AYBrST50R2-pETUBJPK9kfYYJeIpLQ4_253sDkG5ObiFwg&amp;oe=679A6C26\" alt=\"image\" \/>\r\n<div class=\"x1ey2m1c xds687c x17qophe xg01cxk x47corl x10l6tqk x13vifvy x1ebt8du x19991ni x1dhq9h x1o1ewxj x3x9cwd x1e5q0jg x13rtm0m\" data-visualcompletion=\"ignore\"><\/div>\r\n<\/div>\r\n<\/div>\r\n<\/div>\r\n<\/div>\r\n<\/div>\r\n<p class=\"x1qodse3\" dir=\"auto\"><i><span>Exemple d&rsquo;un tissu fonc\u00e9 sans doublure<\/span><\/i><\/p>\r\n<p class=\"x1qodse3\" dir=\"auto\"><span>Dans cet exemple j\u2019ai utilis\u00e9 un tissu qui est vendu comme \u00e9tant demi-occultant (assombrissant)<\/span><\/p>\r\n<div class=\"xg87l8a\">\r\n<div class=\"x1n2onr6 x1ja2u2z x9f619 x78zum5 xdt5ytf x2lah0s x193iq5w x13spgsm\">\r\n<div class=\"x9f619 x1n2onr6 x1ja2u2z x78zum5 xdt5ytf x1iyjqo2 x2lwn1j xl56j7k\">\r\n<div class=\"x9f619 x1n2onr6 x1ja2u2z x78zum5 xdt5ytf x2lah0s x193iq5w x6s0dn4\">\r\n<div class=\"x1i10hfl x1qjc9v5 xjbqb8w xjqpnuy xa49m3k xqeqjp1 x2hbi6w x13fuv20 xu3j5b3 x1q0q8m5 x26u7qi x972fbf xcfux6l x1qhh985 xm0m39n x9f619 x1ypdohk xdl72j9 x2lah0s xe8uvvx xdj266r x11i5rnm xat24cr x1mh8g0r x2lwn1j xeuugli xexx8yu x4uap5 x18d9i69 xkhd6sd x1n2onr6 x16tdsg8 x1hl2dhg xggy1nq x1ja2u2z x1t137rt x1o1ewxj x3x9cwd x1e5q0jg x13rtm0m x3nfvp2 x1q0g3np x87ps6o x1lku1pv x1a2a7pz\" aria-label=\"image\"><img decoding=\"async\" class=\"xz74otr xh8yej3 x78zum5\" src=\"https:\/\/scontent-lga3-3.xx.fbcdn.net\/v\/t1.6435-9\/53431838_605748166518593_9139960318812749824_n.jpg?_nc_cat=110&amp;ccb=1-7&amp;_nc_sid=350b3d&amp;_nc_ohc=VRWQD9yINgkQ7kNvgHMXvPN&amp;_nc_zt=23&amp;_nc_ht=scontent-lga3-3.xx&amp;_nc_gid=AA08c8jbVIdn0toMPW3VmUM&amp;oh=00_AYDQqOiqYWVSzl2sgmMByBLbMg3i30udh2i6ej4DoEWnCg&amp;oe=679A5DD8\" alt=\"image\" \/>\r\n<div class=\"x1ey2m1c xds687c x17qophe xg01cxk x47corl x10l6tqk x13vifvy x1ebt8du x19991ni x1dhq9h x1o1ewxj x3x9cwd x1e5q0jg x13rtm0m\" data-visualcompletion=\"ignore\"><\/div>\r\n<\/div>\r\n<\/div>\r\n<\/div>\r\n<\/div>\r\n<\/div>\r\n<p class=\"x1qodse3\" dir=\"auto\"><i><span>Ajout d&rsquo;une doublure 50%coton \/50% polyester \u00e0 l&rsquo;arri\u00e8re<\/span><\/i><\/p>\r\n<p class=\"x1qodse3\" dir=\"auto\"><span>Ici j\u2019ai tout simplement ajout\u00e9 une doublure r\u00e9guli\u00e8re pour montrer la diff\u00e9rence. \u00c0 noter que le r\u00e9sultat sera variable selon plusieurs variantes. <\/span><\/p>\r\n<div class=\"xg87l8a\">\r\n<div class=\"x1n2onr6 x1ja2u2z x9f619 x78zum5 xdt5ytf x2lah0s x193iq5w x13spgsm\">\r\n<div class=\"x9f619 x1n2onr6 x1ja2u2z x78zum5 xdt5ytf x1iyjqo2 x2lwn1j xl56j7k\">\r\n<div class=\"x9f619 x1n2onr6 x1ja2u2z x78zum5 xdt5ytf x2lah0s x193iq5w x6s0dn4\">\r\n<div class=\"x1i10hfl x1qjc9v5 xjbqb8w xjqpnuy xa49m3k xqeqjp1 x2hbi6w x13fuv20 xu3j5b3 x1q0q8m5 x26u7qi x972fbf xcfux6l x1qhh985 xm0m39n x9f619 x1ypdohk xdl72j9 x2lah0s xe8uvvx xdj266r x11i5rnm xat24cr x1mh8g0r x2lwn1j xeuugli xexx8yu x4uap5 x18d9i69 xkhd6sd x1n2onr6 x16tdsg8 x1hl2dhg xggy1nq x1ja2u2z x1t137rt x1o1ewxj x3x9cwd x1e5q0jg x13rtm0m x3nfvp2 x1q0g3np x87ps6o x1lku1pv x1a2a7pz\" aria-label=\"image\"><img decoding=\"async\" class=\"xz74otr xh8yej3 x78zum5\" src=\"https:\/\/scontent-lga3-3.xx.fbcdn.net\/v\/t1.6435-9\/53860965_605753089851434_6829324568478351360_n.jpg?_nc_cat=104&amp;ccb=1-7&amp;_nc_sid=350b3d&amp;_nc_ohc=8RKAgeCDQOgQ7kNvgHrN-xU&amp;_nc_zt=23&amp;_nc_ht=scontent-lga3-3.xx&amp;_nc_gid=AA08c8jbVIdn0toMPW3VmUM&amp;oh=00_AYDvKlJCn00Zl2NzIcdoC77sJ1Peah1HMCXuRxCewI4bYw&amp;oe=679A5183\" alt=\"image\" \/>\r\n<div class=\"x1ey2m1c xds687c x17qophe xg01cxk x47corl x10l6tqk x13vifvy x1ebt8du x19991ni x1dhq9h x1o1ewxj x3x9cwd x1e5q0jg x13rtm0m\" data-visualcompletion=\"ignore\"><\/div>\r\n<\/div>\r\n<\/div>\r\n<\/div>\r\n<\/div>\r\n<\/div>\r\n<p class=\"x1qodse3\" dir=\"auto\"><span>Voici un exemple d\u00e9montrant l\u2019usure du temps et de la lumi\u00e8re sur un tissu 100% polyester doubl\u00e9 de Thermosoft 3 Pass black out,<\/span><\/p>\r\n<p class=\"x1qodse3\" dir=\"auto\"><span>Pi\u00e8ce: salon<\/span><\/p>\r\n<p class=\"x1qodse3\" dir=\"auto\"><span>Besoins: Obscurcissant permettant de bloqu\u00e9 la lumi\u00e8re \u00e0 100%, insonorisation et isolation du chaud et du froid.<\/span><\/p>\r\n<div class=\"xg87l8a\">\r\n<div class=\"x1n2onr6 x1ja2u2z x9f619 x78zum5 xdt5ytf x2lah0s x193iq5w x13spgsm\">\r\n<div class=\"x9f619 x1n2onr6 x1ja2u2z x78zum5 xdt5ytf x1iyjqo2 x2lwn1j xl56j7k\">\r\n<div class=\"x9f619 x1n2onr6 x1ja2u2z x78zum5 xdt5ytf x2lah0s x193iq5w x6s0dn4\">\r\n<div class=\"x1i10hfl x1qjc9v5 xjbqb8w xjqpnuy xa49m3k xqeqjp1 x2hbi6w x13fuv20 xu3j5b3 x1q0q8m5 x26u7qi x972fbf xcfux6l x1qhh985 xm0m39n x9f619 x1ypdohk xdl72j9 x2lah0s xe8uvvx xdj266r x11i5rnm xat24cr x1mh8g0r x2lwn1j xeuugli xexx8yu x4uap5 x18d9i69 xkhd6sd x1n2onr6 x16tdsg8 x1hl2dhg xggy1nq x1ja2u2z x1t137rt x1o1ewxj x3x9cwd x1e5q0jg x13rtm0m x3nfvp2 x1q0g3np x87ps6o x1lku1pv x1a2a7pz\" aria-label=\"image\"><img decoding=\"async\" class=\"xz74otr xh8yej3 x78zum5\" src=\"https:\/\/scontent-lga3-1.xx.fbcdn.net\/v\/t1.6435-9\/53241048_605753183184758_6758341360509517824_n.jpg?_nc_cat=102&amp;ccb=1-7&amp;_nc_sid=350b3d&amp;_nc_ohc=A1ecm_VqKlUQ7kNvgFGf75p&amp;_nc_zt=23&amp;_nc_ht=scontent-lga3-1.xx&amp;_nc_gid=AA08c8jbVIdn0toMPW3VmUM&amp;oh=00_AYA8j8OO5Q6HgPDKiWcRzO8Rsqzh5xVv0BYxixTQmjHUjw&amp;oe=679A60D0\" alt=\"image\" \/>\r\n<div class=\"x1ey2m1c xds687c x17qophe xg01cxk x47corl x10l6tqk x13vifvy x1ebt8du x19991ni x1dhq9h x1o1ewxj x3x9cwd x1e5q0jg x13rtm0m\" data-visualcompletion=\"ignore\"><\/div>\r\n<\/div>\r\n<\/div>\r\n<\/div>\r\n<\/div>\r\n<\/div>\r\n<p class=\"x1qodse3\" dir=\"auto\"><span>Ces rideaux ont 10 ans! <\/span><\/p>\r\n<p class=\"x1qodse3\" dir=\"auto\"><span>Voyez la diff\u00e9rence de couleur!!!<\/span><\/p>\r\n<p class=\"x1qodse3\" dir=\"auto\"><span>Sans doublure j\u2019aurais s\u00fbrement d\u00fb changer mes rideaux apr\u00e8s la moiti\u00e9 du temps. ($$$ tissu et confection sauv\u00e9s). Ma doublure est encore tr\u00e8s bonne (Je pourrai surement la r\u00e9cup\u00e9rer).<\/span><\/p>\r\n<p dir=\"auto\">Si vous avez l&rsquo;espace, l&rsquo;alternative d&rsquo;avoir les doublures sur une p\u00f4le diff\u00e9rente du rideau d\u00e9coratif est une solution \u00e9cologique et \u00e9conomique \u00e0 long terme. \u00a0La confection sera plus co\u00fbteuse \u00a0la premi\u00e8re fois mais lors du changement, vous sauverez sur le tissu et la confection en les conservant. (Votre d\u00e9coratrice sera en mesure de vous conseiller pour toutes les possibilit\u00e9s)<\/p>\r\n<\/div>\r\n<\/div>\r\n<\/div>\r\n<div class=\"wp-block-embed__wrapper\"><a href=\"https:\/\/www.facebook.com\/notes\/atelier-c\u00e9line-arvisais\/test-de-doublure\/605724686520941\/\">Voir sur ma page Facebook<\/a><\/div>\r\n<div><\/div>\r\n<div><\/div>\r\n<\/figure>\r\n","protected":false},"excerpt":{"rendered":"","protected":false},"author":1,"featured_media":0,"parent":604,"menu_order":0,"comment_status":"closed","ping_status":"closed","template":"","meta":{"footnotes":""},"class_list":["post-617","page","type-page","status-publish","hentry"],"_links":{"self":[{"href":"https:\/\/www.ateliercelinearvisais.com\/index.php?rest_route=\/wp\/v2\/pages\/617","targetHints":{"allow":["GET"]}}],"collection":[{"href":"https:\/\/www.ateliercelinearvisais.com\/index.php?rest_route=\/wp\/v2\/pages"}],"about":[{"href":"https:\/\/www.ateliercelinearvisais.com\/index.php?rest_route=\/wp\/v2\/types\/page"}],"author":[{"embeddable":true,"href":"https:\/\/www.ateliercelinearvisais.com\/index.php?rest_route=\/wp\/v2\/users\/1"}],"replies":[{"embeddable":true,"href":"https:\/\/www.ateliercelinearvisais.com\/index.php?rest_route=%2Fwp%2Fv2%2Fcomments&post=617"}],"version-history":[{"count":5,"href":"https:\/\/www.ateliercelinearvisais.com\/index.php?rest_route=\/wp\/v2\/pages\/617\/revisions"}],"predecessor-version":[{"id":775,"href":"https:\/\/www.ateliercelinearvisais.com\/index.php?rest_route=\/wp\/v2\/pages\/617\/revisions\/775"}],"up":[{"embeddable":true,"href":"https:\/\/www.ateliercelinearvisais.com\/index.php?rest_route=\/wp\/v2\/pages\/604"}],"wp:attachment":[{"href":"https:\/\/www.ateliercelinearvisais.com\/index.php?rest_route=%2Fwp%2Fv2%2Fmedia&parent=617"}],"curies":[{"name":"wp","href":"https:\/\/api.w.org\/{rel}","templated":true}]}}