{"id":68,"date":"2018-02-18T22:01:37","date_gmt":"2018-02-18T21:01:37","guid":{"rendered":"http:\/\/celinearvisais.com.heb5d.sogetel.net\/?page_id=68"},"modified":"2022-01-02T14:52:29","modified_gmt":"2022-01-02T19:52:29","slug":"plis-francais","status":"publish","type":"page","link":"https:\/\/www.ateliercelinearvisais.com\/?page_id=68","title":{"rendered":"Rideau \u00e0 plis fran\u00e7ais (3 pattes)"},"content":{"rendered":"<p><img loading=\"lazy\" decoding=\"async\" class=\"aligncenter size-full wp-image-455\" src=\"http:\/\/www.ateliercelinearvisais.com\/wp-content\/uploads\/2018\/10\/French-pleat-curtain-triple-french-pleat-curtain-1.jpg_350x350-1.jpg\" alt=\"\" width=\"349\" height=\"140\" srcset=\"https:\/\/www.ateliercelinearvisais.com\/wp-content\/uploads\/2018\/10\/French-pleat-curtain-triple-french-pleat-curtain-1.jpg_350x350-1.jpg 349w, https:\/\/www.ateliercelinearvisais.com\/wp-content\/uploads\/2018\/10\/French-pleat-curtain-triple-french-pleat-curtain-1.jpg_350x350-1-300x120.jpg 300w\" sizes=\"auto, (max-width: 349px) 100vw, 349px\" \/>L&rsquo;ampleur de ce style de rideau peut varier selon le tissu choisi.<\/p>\n<p>L&rsquo;opacit\u00e9 d\u00e9sir\u00e9e, l&rsquo;\u00e9paisseur du tissu et la grosseur du motif sont des variantes pouvant influencer le produit final pour r\u00e9pondre aux attentes d\u00e9sir\u00e9es.<\/p>\n<p>Il est maintenant possible de faire une hauteur de plis plus haute pour une confection personnalis\u00e9e.<br \/>\nPour un pli bien d\u00e9fini, on calcule environ 2 \u00a01\/2 fois la mesure de la fa\u00e7ade voulue mais c&rsquo;est \u00e0 la discr\u00e9tion de chacun. Le plis fran\u00e7ais peut \u00eatre install\u00e9 sur plusieurs types de p\u00f4le \u00e0 crochets, \u00a0\u00ab\u00a0Velcro\u00a0\u00bb et m\u00eame \u00e0 passant arri\u00e8re.<\/p>\n","protected":false},"excerpt":{"rendered":"<p>L&rsquo;ampleur de ce style de rideau peut varier selon le tissu choisi. L&rsquo;opacit\u00e9 d\u00e9sir\u00e9e, l&rsquo;\u00e9paisseur du tissu et la grosseur du motif sont des variantes pouvant influencer le produit final pour r\u00e9pondre aux attentes d\u00e9sir\u00e9es. Il est maintenant possible de faire une hauteur de plis plus haute pour une confection personnalis\u00e9e. Pour un pli bien &hellip; <\/p>\n<p class=\"link-more\"><a href=\"https:\/\/www.ateliercelinearvisais.com\/?page_id=68\" class=\"more-link\">Continuer la lecture<span class=\"screen-reader-text\"> de &laquo;&nbsp;Rideau \u00e0 plis fran\u00e7ais (3 pattes)&nbsp;&raquo;<\/span><\/a><\/p>\n","protected":false},"author":1,"featured_media":0,"parent":0,"menu_order":0,"comment_status":"closed","ping_status":"closed","template":"","meta":{"footnotes":""},"class_list":["post-68","page","type-page","status-publish","hentry"],"_links":{"self":[{"href":"https:\/\/www.ateliercelinearvisais.com\/index.php?rest_route=\/wp\/v2\/pages\/68","targetHints":{"allow":["GET"]}}],"collection":[{"href":"https:\/\/www.ateliercelinearvisais.com\/index.php?rest_route=\/wp\/v2\/pages"}],"about":[{"href":"https:\/\/www.ateliercelinearvisais.com\/index.php?rest_route=\/wp\/v2\/types\/page"}],"author":[{"embeddable":true,"href":"https:\/\/www.ateliercelinearvisais.com\/index.php?rest_route=\/wp\/v2\/users\/1"}],"replies":[{"embeddable":true,"href":"https:\/\/www.ateliercelinearvisais.com\/index.php?rest_route=%2Fwp%2Fv2%2Fcomments&post=68"}],"version-history":[{"count":13,"href":"https:\/\/www.ateliercelinearvisais.com\/index.php?rest_route=\/wp\/v2\/pages\/68\/revisions"}],"predecessor-version":[{"id":750,"href":"https:\/\/www.ateliercelinearvisais.com\/index.php?rest_route=\/wp\/v2\/pages\/68\/revisions\/750"}],"wp:attachment":[{"href":"https:\/\/www.ateliercelinearvisais.com\/index.php?rest_route=%2Fwp%2Fv2%2Fmedia&parent=68"}],"curies":[{"name":"wp","href":"https:\/\/api.w.org\/{rel}","templated":true}]}}