{"id":87,"date":"2018-02-18T23:05:49","date_gmt":"2018-02-18T22:05:49","guid":{"rendered":"http:\/\/celinearvisais.com.heb5d.sogetel.net\/?page_id=87"},"modified":"2019-03-15T22:15:33","modified_gmt":"2019-03-16T02:15:33","slug":"rideau-sur-galon-a-snap","status":"publish","type":"page","link":"https:\/\/www.ateliercelinearvisais.com\/?page_id=87","title":{"rendered":"Rideau sur galon \u00e0 \u00ab\u00a0snap\u00a0\u00bb"},"content":{"rendered":"\n<div class=\"wp-block-image\"><figure class=\"aligncenter is-resized\"><img loading=\"lazy\" decoding=\"async\" src=\"http:\/\/www.ateliercelinearvisais.com\/wp-content\/uploads\/2019\/03\/galon-\u00e0-snaps.jpeg\" alt=\"\" class=\"wp-image-648\" width=\"425\" height=\"283\"\/><\/figure><\/div>\n\n\n<h3 style=\"text-align: left; padding-left: 60px;\"><strong><em><img loading=\"lazy\" decoding=\"async\" class=\"aligncenter size-full wp-image-465\" src=\"http:\/\/www.ateliercelinearvisais.com\/wp-content\/uploads\/2018\/10\/Curtain-Ripple-Fold-Tape.jpg\" alt=\"\" width=\"694\" height=\"314\" srcset=\"https:\/\/www.ateliercelinearvisais.com\/wp-content\/uploads\/2018\/10\/Curtain-Ripple-Fold-Tape.jpg 694w, https:\/\/www.ateliercelinearvisais.com\/wp-content\/uploads\/2018\/10\/Curtain-Ripple-Fold-Tape-300x136.jpg 300w\" sizes=\"auto, (max-width: 694px) 100vw, 694px\" \/>Il est possible d&rsquo;avoir ce choix de confection avec ou sans pelon \u00e0 la t\u00eate. Cette d\u00e9cision est \u00e0 la discr\u00e9tion de chacun.<\/em><\/strong><img loading=\"lazy\" decoding=\"async\" class=\"wp-image-23 size-full aligncenter\" style=\"color: #333333; font-size: 1rem;\" src=\"http:\/\/celinearvisais.com.heb5d.sogetel.net\/wp-content\/uploads\/2013\/04\/IMG_0141-e1519014768365.jpg\" alt=\"\" width=\"385\" height=\"220\" srcset=\"https:\/\/www.ateliercelinearvisais.com\/wp-content\/uploads\/2013\/04\/IMG_0141-e1519014768365.jpg 385w, https:\/\/www.ateliercelinearvisais.com\/wp-content\/uploads\/2013\/04\/IMG_0141-e1519014768365-300x171.jpg 300w\" sizes=\"auto, (max-width: 385px) 100vw, 385px\" \/><\/h3>\n<p style=\"text-align: left; padding-left: 60px;\">Diff\u00e9rentes ampleurs sont possibles pour ce genre de rideau. Il faut se r\u00e9f\u00e9rer \u00e0 la charte du vendeur de p\u00f4le pour le calcul correspondant au besoin. \u00a0Pour le choix de l&rsquo;ampleur, il est pr\u00e9f\u00e9rable de prendre le choix de la doublure en consid\u00e9ration. \u00a0(plus l&rsquo;ampleur est grande, plus un rideau est lourd). \u00a0\u00c0 noter que le nombre de charriot est en nombre pair pour chaque panneau.<\/p>","protected":false},"excerpt":{"rendered":"<p>Il est possible d&rsquo;avoir ce choix de confection avec ou sans pelon \u00e0 la t\u00eate. Cette d\u00e9cision est \u00e0 la discr\u00e9tion de chacun. Diff\u00e9rentes ampleurs sont possibles pour ce genre de rideau. Il faut se r\u00e9f\u00e9rer \u00e0 la charte du vendeur de p\u00f4le pour le calcul correspondant au besoin. \u00a0Pour le choix de l&rsquo;ampleur, il &hellip; <\/p>\n<p class=\"link-more\"><a href=\"https:\/\/www.ateliercelinearvisais.com\/?page_id=87\" class=\"more-link\">Continuer la lecture<span class=\"screen-reader-text\"> de &laquo;&nbsp;Rideau sur galon \u00e0 \u00ab\u00a0snap\u00a0\u00bb&nbsp;&raquo;<\/span><\/a><\/p>\n","protected":false},"author":1,"featured_media":0,"parent":0,"menu_order":0,"comment_status":"closed","ping_status":"closed","template":"","meta":{"footnotes":""},"class_list":["post-87","page","type-page","status-publish","hentry"],"_links":{"self":[{"href":"https:\/\/www.ateliercelinearvisais.com\/index.php?rest_route=\/wp\/v2\/pages\/87","targetHints":{"allow":["GET"]}}],"collection":[{"href":"https:\/\/www.ateliercelinearvisais.com\/index.php?rest_route=\/wp\/v2\/pages"}],"about":[{"href":"https:\/\/www.ateliercelinearvisais.com\/index.php?rest_route=\/wp\/v2\/types\/page"}],"author":[{"embeddable":true,"href":"https:\/\/www.ateliercelinearvisais.com\/index.php?rest_route=\/wp\/v2\/users\/1"}],"replies":[{"embeddable":true,"href":"https:\/\/www.ateliercelinearvisais.com\/index.php?rest_route=%2Fwp%2Fv2%2Fcomments&post=87"}],"version-history":[{"count":10,"href":"https:\/\/www.ateliercelinearvisais.com\/index.php?rest_route=\/wp\/v2\/pages\/87\/revisions"}],"predecessor-version":[{"id":650,"href":"https:\/\/www.ateliercelinearvisais.com\/index.php?rest_route=\/wp\/v2\/pages\/87\/revisions\/650"}],"wp:attachment":[{"href":"https:\/\/www.ateliercelinearvisais.com\/index.php?rest_route=%2Fwp%2Fv2%2Fmedia&parent=87"}],"curies":[{"name":"wp","href":"https:\/\/api.w.org\/{rel}","templated":true}]}}