{"id":90,"date":"2018-02-18T23:27:51","date_gmt":"2018-02-18T22:27:51","guid":{"rendered":"http:\/\/celinearvisais.com.heb5d.sogetel.net\/?page_id=90"},"modified":"2018-10-21T22:43:16","modified_gmt":"2018-10-22T02:43:16","slug":"rideau-su-galon-wave","status":"publish","type":"page","link":"https:\/\/www.ateliercelinearvisais.com\/?page_id=90","title":{"rendered":"Rideau su galon \u00ab\u00a0Wave\u00a0\u00bb"},"content":{"rendered":"<blockquote>\n<p style=\"text-align: center;\"><strong><img loading=\"lazy\" decoding=\"async\" class=\"aligncenter size-full wp-image-469\" src=\"http:\/\/www.ateliercelinearvisais.com\/wp-content\/uploads\/2018\/10\/7-0.jpg\" alt=\"\" width=\"332\" height=\"208\" srcset=\"https:\/\/www.ateliercelinearvisais.com\/wp-content\/uploads\/2018\/10\/7-0.jpg 332w, https:\/\/www.ateliercelinearvisais.com\/wp-content\/uploads\/2018\/10\/7-0-300x188.jpg 300w\" sizes=\"auto, (max-width: 332px) 100vw, 332px\" \/><\/strong><strong>Voici un Galon \u00ab\u00a0Wave\u00a0\u00bb<\/strong><\/p>\n<p><img loading=\"lazy\" decoding=\"async\" class=\"wp-image-77 alignright\" src=\"http:\/\/www.ateliercelinearvisais.com\/wp-content\/uploads\/2018\/02\/IMG_1090_2-e1540174843544-150x150.jpg\" alt=\"\" width=\"88\" height=\"88\" srcset=\"https:\/\/www.ateliercelinearvisais.com\/wp-content\/uploads\/2018\/02\/IMG_1090_2-e1540174843544-150x150.jpg 150w, https:\/\/www.ateliercelinearvisais.com\/wp-content\/uploads\/2018\/02\/IMG_1090_2-e1540174843544-100x100.jpg 100w\" sizes=\"auto, (max-width: 88px) 100vw, 88px\" \/><\/p>\n<p style=\"text-align: center;\"><span style=\"font-size: 1rem;\">Ce st<\/span><span style=\"font-size: 1rem;\">yle de confection donne le m\u00eame effet que celui sur galon \u00e0 snaps. Cependant nous devons nous m\u00eame ins\u00e9rer les petits crochets de plastiques dans les pochettes pr\u00e9vues pour l&rsquo;installation.<\/span><\/p>\n<p style=\"text-align: center;\"><span style=\"font-size: 1rem;\"><b><img loading=\"lazy\" decoding=\"async\" class=\"aligncenter size-full wp-image-471\" src=\"http:\/\/www.ateliercelinearvisais.com\/wp-content\/uploads\/2018\/10\/14-0.jpg\" alt=\"\" width=\"327\" height=\"197\" srcset=\"https:\/\/www.ateliercelinearvisais.com\/wp-content\/uploads\/2018\/10\/14-0.jpg 327w, https:\/\/www.ateliercelinearvisais.com\/wp-content\/uploads\/2018\/10\/14-0-300x181.jpg 300w\" sizes=\"auto, (max-width: 327px) 100vw, 327px\" \/>\u00a0L&rsquo;ampleur de celui-ci est donc au go\u00fbt du client cependant il est pr\u00e9f\u00e9rable de compter au moins 2 fois la mesure de la p\u00f4le. <\/b><\/span><span style=\"font-size: 1rem;\"><b>Les charriots sont compt\u00e9s en nombre pair pour chaque panneau.<\/b><\/span><\/p>\n<\/blockquote>\n","protected":false},"excerpt":{"rendered":"<p>Voici un Galon \u00ab\u00a0Wave\u00a0\u00bb Ce style de confection donne le m\u00eame effet que celui sur galon \u00e0 snaps. Cependant nous devons nous m\u00eame ins\u00e9rer les petits crochets de plastiques dans les pochettes pr\u00e9vues pour l&rsquo;installation. \u00a0L&rsquo;ampleur de celui-ci est donc au go\u00fbt du client cependant il est pr\u00e9f\u00e9rable de compter au moins 2 fois la &hellip; <\/p>\n<p class=\"link-more\"><a href=\"https:\/\/www.ateliercelinearvisais.com\/?page_id=90\" class=\"more-link\">Continuer la lecture<span class=\"screen-reader-text\"> de &laquo;&nbsp;Rideau su galon \u00ab\u00a0Wave\u00a0\u00bb&nbsp;&raquo;<\/span><\/a><\/p>\n","protected":false},"author":1,"featured_media":0,"parent":0,"menu_order":0,"comment_status":"closed","ping_status":"closed","template":"","meta":{"footnotes":""},"class_list":["post-90","page","type-page","status-publish","hentry"],"_links":{"self":[{"href":"https:\/\/www.ateliercelinearvisais.com\/index.php?rest_route=\/wp\/v2\/pages\/90","targetHints":{"allow":["GET"]}}],"collection":[{"href":"https:\/\/www.ateliercelinearvisais.com\/index.php?rest_route=\/wp\/v2\/pages"}],"about":[{"href":"https:\/\/www.ateliercelinearvisais.com\/index.php?rest_route=\/wp\/v2\/types\/page"}],"author":[{"embeddable":true,"href":"https:\/\/www.ateliercelinearvisais.com\/index.php?rest_route=\/wp\/v2\/users\/1"}],"replies":[{"embeddable":true,"href":"https:\/\/www.ateliercelinearvisais.com\/index.php?rest_route=%2Fwp%2Fv2%2Fcomments&post=90"}],"version-history":[{"count":12,"href":"https:\/\/www.ateliercelinearvisais.com\/index.php?rest_route=\/wp\/v2\/pages\/90\/revisions"}],"predecessor-version":[{"id":473,"href":"https:\/\/www.ateliercelinearvisais.com\/index.php?rest_route=\/wp\/v2\/pages\/90\/revisions\/473"}],"wp:attachment":[{"href":"https:\/\/www.ateliercelinearvisais.com\/index.php?rest_route=%2Fwp%2Fv2%2Fmedia&parent=90"}],"curies":[{"name":"wp","href":"https:\/\/api.w.org\/{rel}","templated":true}]}}