{"id":99,"date":"2018-02-18T23:30:58","date_gmt":"2018-02-18T22:30:58","guid":{"rendered":"http:\/\/celinearvisais.com.heb5d.sogetel.net\/?page_id=99"},"modified":"2019-01-02T17:29:00","modified_gmt":"2019-01-02T22:29:00","slug":"rideau-pour-pincer","status":"publish","type":"page","link":"https:\/\/www.ateliercelinearvisais.com\/?page_id=99","title":{"rendered":"Rideau pour pincer"},"content":{"rendered":"<p>Un rideau pour pincer peut avoir diff\u00e9rentes allures. \u00a0Il peut \u00eatre plus structur\u00e9 avec l&rsquo;ajout d&rsquo;un pelon \u00e0 la t\u00eate ou \u00a0plus fluide en ayant une finition plus simple. Peu importe le style choisi, il doit avoir au moins 1 1\/2 fois l&rsquo;ampleur de la p\u00f4le pour un bel effet. \u00a0Les fa\u00e7ons de pincer celui-ci n&rsquo;ont pour limite que notre originalit\u00e9.<\/p>\n<p><img loading=\"lazy\" decoding=\"async\" class=\"alignleft size-thumbnail wp-image-496\" src=\"http:\/\/www.ateliercelinearvisais.com\/wp-content\/uploads\/2019\/01\/17758146-rideau-voile-de-lin-noctuelle-naturel-180x180-2-150x150.jpg\" alt=\"\" width=\"150\" height=\"150\" srcset=\"https:\/\/www.ateliercelinearvisais.com\/wp-content\/uploads\/2019\/01\/17758146-rideau-voile-de-lin-noctuelle-naturel-180x180-2-150x150.jpg 150w, https:\/\/www.ateliercelinearvisais.com\/wp-content\/uploads\/2019\/01\/17758146-rideau-voile-de-lin-noctuelle-naturel-180x180-2-100x100.jpg 100w, https:\/\/www.ateliercelinearvisais.com\/wp-content\/uploads\/2019\/01\/17758146-rideau-voile-de-lin-noctuelle-naturel-180x180-2.jpg 180w\" sizes=\"auto, (max-width: 150px) 100vw, 150px\" \/><img loading=\"lazy\" decoding=\"async\" class=\"size-thumbnail wp-image-497 alignnone\" src=\"http:\/\/www.ateliercelinearvisais.com\/wp-content\/uploads\/2019\/01\/62407468fda1e189f08042f9b84a169b-150x150.jpg\" alt=\"\" width=\"150\" height=\"150\" srcset=\"https:\/\/www.ateliercelinearvisais.com\/wp-content\/uploads\/2019\/01\/62407468fda1e189f08042f9b84a169b-150x150.jpg 150w, https:\/\/www.ateliercelinearvisais.com\/wp-content\/uploads\/2019\/01\/62407468fda1e189f08042f9b84a169b-300x300.jpg 300w, https:\/\/www.ateliercelinearvisais.com\/wp-content\/uploads\/2019\/01\/62407468fda1e189f08042f9b84a169b-100x100.jpg 100w, https:\/\/www.ateliercelinearvisais.com\/wp-content\/uploads\/2019\/01\/62407468fda1e189f08042f9b84a169b.jpg 641w\" sizes=\"auto, (max-width: 150px) 100vw, 150px\" \/><img loading=\"lazy\" decoding=\"async\" class=\"size-thumbnail wp-image-498 alignnone\" src=\"http:\/\/www.ateliercelinearvisais.com\/wp-content\/uploads\/2019\/01\/v2-frisch-lot-de-30-anneaux-a-pince-pour-rideaux-diametres-25-m-R1NQY1VGb2V1V21uaXNYdmtmZGxJYUw3TlRYekZ3VWZBY29tUW0wMjM1TEJWUGZmZml3ZFVSNzRCMWt4NzJJbndqK0NBM0tuS0czRGc1aDQzQUQ2Znc9PQ-150x150.jpeg\" alt=\"\" width=\"150\" height=\"150\" srcset=\"https:\/\/www.ateliercelinearvisais.com\/wp-content\/uploads\/2019\/01\/v2-frisch-lot-de-30-anneaux-a-pince-pour-rideaux-diametres-25-m-R1NQY1VGb2V1V21uaXNYdmtmZGxJYUw3TlRYekZ3VWZBY29tUW0wMjM1TEJWUGZmZml3ZFVSNzRCMWt4NzJJbndqK0NBM0tuS0czRGc1aDQzQUQ2Znc9PQ-150x150.jpeg 150w, https:\/\/www.ateliercelinearvisais.com\/wp-content\/uploads\/2019\/01\/v2-frisch-lot-de-30-anneaux-a-pince-pour-rideaux-diametres-25-m-R1NQY1VGb2V1V21uaXNYdmtmZGxJYUw3TlRYekZ3VWZBY29tUW0wMjM1TEJWUGZmZml3ZFVSNzRCMWt4NzJJbndqK0NBM0tuS0czRGc1aDQzQUQ2Znc9PQ-100x100.jpeg 100w\" sizes=\"auto, (max-width: 150px) 100vw, 150px\" \/><\/p>\n","protected":false},"excerpt":{"rendered":"<p>Un rideau pour pincer peut avoir diff\u00e9rentes allures. \u00a0Il peut \u00eatre plus structur\u00e9 avec l&rsquo;ajout d&rsquo;un pelon \u00e0 la t\u00eate ou \u00a0plus fluide en ayant une finition plus simple. Peu importe le style choisi, il doit avoir au moins 1 1\/2 fois l&rsquo;ampleur de la p\u00f4le pour un bel effet. \u00a0Les fa\u00e7ons de pincer celui-ci &hellip; <\/p>\n<p class=\"link-more\"><a href=\"https:\/\/www.ateliercelinearvisais.com\/?page_id=99\" class=\"more-link\">Continuer la lecture<span class=\"screen-reader-text\"> de &laquo;&nbsp;Rideau pour pincer&nbsp;&raquo;<\/span><\/a><\/p>\n","protected":false},"author":1,"featured_media":0,"parent":0,"menu_order":0,"comment_status":"closed","ping_status":"closed","template":"","meta":{"footnotes":""},"class_list":["post-99","page","type-page","status-publish","hentry"],"_links":{"self":[{"href":"https:\/\/www.ateliercelinearvisais.com\/index.php?rest_route=\/wp\/v2\/pages\/99","targetHints":{"allow":["GET"]}}],"collection":[{"href":"https:\/\/www.ateliercelinearvisais.com\/index.php?rest_route=\/wp\/v2\/pages"}],"about":[{"href":"https:\/\/www.ateliercelinearvisais.com\/index.php?rest_route=\/wp\/v2\/types\/page"}],"author":[{"embeddable":true,"href":"https:\/\/www.ateliercelinearvisais.com\/index.php?rest_route=\/wp\/v2\/users\/1"}],"replies":[{"embeddable":true,"href":"https:\/\/www.ateliercelinearvisais.com\/index.php?rest_route=%2Fwp%2Fv2%2Fcomments&post=99"}],"version-history":[{"count":4,"href":"https:\/\/www.ateliercelinearvisais.com\/index.php?rest_route=\/wp\/v2\/pages\/99\/revisions"}],"predecessor-version":[{"id":500,"href":"https:\/\/www.ateliercelinearvisais.com\/index.php?rest_route=\/wp\/v2\/pages\/99\/revisions\/500"}],"wp:attachment":[{"href":"https:\/\/www.ateliercelinearvisais.com\/index.php?rest_route=%2Fwp%2Fv2%2Fmedia&parent=99"}],"curies":[{"name":"wp","href":"https:\/\/api.w.org\/{rel}","templated":true}]}}